{"id":8654,"date":"2024-06-23T22:35:27","date_gmt":"2024-06-23T20:35:27","guid":{"rendered":"https:\/\/hosn.at\/?page_id=8654"},"modified":"2024-06-23T22:48:27","modified_gmt":"2024-06-23T20:48:27","slug":"impressum","status":"publish","type":"page","link":"https:\/\/hosn.at\/en\/impressum\/","title":{"rendered":"Impressum"},"content":{"rendered":"<div class=\"wpb-content-wrapper\"><p>[vc_row][vc_column][vc_column_text css=&#8221;&#8221;]&nbsp;<\/p>\n<h1>Impressum<\/h1>\n<p>entsprechend <a href=\"https:\/\/www.ris.bka.gv.at\/GeltendeFassung.wxe?Abfrage=Bundesnormen&amp;Gesetzesnummer=20008847&amp;FassungVom=2014-06-13\">Fern- und Ausw\u00e4rtsgesch\u00e4fte-Gesetz \u00a7 4<\/a>, <a href=\"https:\/\/www.ris.bka.gv.at\/GeltendeFassung.wxe?Abfrage=Bundesnormen&amp;Gesetzesnummer=10000719\">Mediengesetz \u00a7 25<\/a>, <a href=\"https:\/\/www.ris.bka.gv.at\/GeltendeFassung.wxe?Abfrage=Bundesnormen&amp;Gesetzesnummer=20001703\">E-Commerce Gesetz \u00a7 5<\/a>, <a href=\"https:\/\/www.ris.bka.gv.at\/GeltendeFassung.wxe?Abfrage=Bundesnormen&amp;Gesetzesnummer=10002462\">Konsumentenschutzgesetz \u00a7 6<\/a>.<\/p>\n<p>&nbsp;<\/p>\n<h2>Hosn \u2022 Agent Suits<\/h2>\n<p><a href=\"https:\/\/firmen.wko.at\/markus-andreas-weilguny%2c-msc-hosn-%E2%80%A2-agent-suits\/wien\/?firmaid=2ff62728-0807-4c67-a9ed-1bbc12bd87ac\">Impressum WK\u00d6<\/a><\/p>\n<p>Firmensitz: \u00d6sterreich.<\/p>\n<p>UID <a href=\"https:\/\/www.finanz.at\/steuern\/umsatzsteuer\/uid-nummer\/?calc=828232\">ATU63920519<\/a><\/p>\n<p><a href=\"mailto:hosn@hosn.at\">hosn@hosn.at<\/a><br \/>\n<a href=\"tel:+436504567770\">+43 670 4 007 007<\/a><\/p>\n<p>Gesch\u00e4ftsf\u00fchrung: Markus Weilguny.<br \/>\nAdresse der Gesch\u00e4ftsf\u00fchrung: siehe Link oben.<br \/>\nKein Kundenverkehr vor Ort.<\/p>\n<p>&#8220;<a href=\"https:\/\/hosn.at\/de\/\">Hosn<\/a>&#8221; ist eine eingetragene Marke von Markus Weilguny, MSc.<\/p>\n<p>&#8220;Hosn&#8221; <a href=\"https:\/\/euipo.europa.eu\/eSearch\/#basic\/1+1+1+1\/100+100+100+100\/018509215\">Trademark No 018509215<\/a> (2021), registered with <a href=\"https:\/\/www.euipo.europa.eu\/en\/trade-marks\">EUIPO<\/a>, by <a href=\"https:\/\/www.aroma.pictures\/markus-weilguny\/\">Markus Weilguny<\/a>.<br \/>\n&#8220;<a href=\"https:\/\/agentsuits.com\">Agent Suits<\/a>&#8221; <a href=\"https:\/\/euipo.europa.eu\/eSearch\/#basic\/1+1+1+1\/100+100+100+100\/018508956\">Trademark No 018508956<\/a> (2021), registered with <a href=\"https:\/\/www.euipo.europa.eu\/en\/trade-marks\">EUIPO<\/a>, by <a href=\"https:\/\/yamas.org\/trainer-markus-weilguny\/\">Markus Weilguny<\/a>.<\/p>\n<p>&nbsp;<\/p>\n<h3>Unternehmensgegenstand<\/h3>\n<p>Handel mit Mode, Produktion eigener Marke, \u00d6sterreich.<\/p>\n<p>&nbsp;<\/p>\n<h3>Gewerbe<\/h3>\n<p>1. Handelsgewerbe.<\/p>\n<p>Gewerbebeh\u00f6rde: Magistratisches Bezirksamt f\u00fcr den 14. Bezirk Wien.<\/p>\n<p>Vertretung: WKO FG Allgemeiner Handel.<\/p>\n<p>&nbsp;<\/p>\n<h3>Weitere Gewerbeberechtigungen<\/h3>\n<p>2. Multimedia-Agentur.<\/p>\n<p>Gewerbebeh\u00f6rde: Magistratisches Bezirksamt f\u00fcr den 14. Bezirk Wien.<\/p>\n<p>Vertretung: WKO FG Werbung und Marktkommunikation.<\/p>\n<p>3. <a href=\"https:\/\/www.wko.at\/service\/bildung-lehre\/Guetesiegel-Meisterbetrieb.html\">Staatlich gepr\u00fcftes<\/a> Waffengewerbe hinsichtlich des Handels mit und der Vermittlung des Kaufes und Verkaufes von milita\u0308rischen Waffen und milita\u0308rischer Munition.<\/p>\n<p>Aufsichtsbeh\u00f6rde: Bundesministerium f\u00fcr Wirtschaft und Arbeit.<\/p>\n<p>Vertretung: WKO FG Eisen-, Hartwaren- und Holzhandel.<\/p>\n<p>4. <a href=\"https:\/\/FightingForFilm.com\">Waffengewerbe<\/a> (Bu\u0308chsenmacher) einschlie\u00dflich des Waffenhandels, eingeschra\u0308nkt auf den Handel, das Vermieten, die Vermittlung des Kaufes und Verkaufes hinsichtlich nichtmilita\u0308rischer Waffen und nichtmilita\u0308rischer Munition.<\/p>\n<p>Aufsichtsbeh\u00f6rde: MA 63.<\/p>\n<p>Vertretung: WKO FG Eisen-, Hartwaren- und Holzhandel.<\/p>\n<p>&nbsp;<\/p>\n<h3>Gewerberechtliche Vorschriften<\/h3>\n<p><a href=\"https:\/\/www.ris.bka.gv.at\/GeltendeFassung.wxe?Abfrage=Bundesnormen&amp;Gesetzesnummer=10007517\">Gewerbeordnung<\/a>.<\/p>\n<p>&nbsp;<\/p>\n<h3>Medieninhaber, Herausgeber und Verleger<\/h3>\n<p>Hosn<\/p>\n<p>Fotos und Videos von <a href=\"http:\/\/www.photosandmore.at\/\">Barbara Lachner<\/a>, <a href=\"https:\/\/www.instagram.com\/tom.goon\/\">Tom Weilguny<\/a>\u00a0<a href=\"http:\/\/www.goonbrothers.com\">oder<\/a> <a href=\"http:\/\/www.aroma.pictures\/\">Markus Weilguny<\/a>, so nicht anders angegeben.<\/p>\n<p>Web-Services von <a href=\"http:\/\/pfeffer.rocks\/\">Florian Pfeffer<\/a>, <a href=\"https:\/\/hup-dev.com\">Hup-Dev<\/a>.<\/p>\n<p>Es gilt die Haftungsbeschr\u00e4nkung entsprechend \u00a7 17 ECG.<\/p>\n<p>&nbsp;<\/p>\n<h2>Hosn International Co., Ltd.<\/h2>\n<p>Internationale Vertretung<\/p>\n<p>Gesch\u00e4ftsadresse: ITF Tower, Si Lom, Suriya Wong, Bang Rak, Bangkok 10500, Thailand<\/p>\n<p>Tax ID 0105565203715<\/p>\n<p>&nbsp;[\/vc_column_text][\/vc_column][\/vc_row]<\/p>\n<\/div>","protected":false},"excerpt":{"rendered":"<p>[vc_row][vc_column][vc_column_text css=&#8221;&#8221;]&nbsp; Impressum entsprechend Fern- und Ausw\u00e4rtsgesch\u00e4fte-Gesetz \u00a7 4, Mediengesetz \u00a7 25, E-Commerce Gesetz \u00a7 5, Konsumentenschutzgesetz \u00a7 6. &nbsp; Hosn \u2022 Agent Suits Impressum WK\u00d6 Firmensitz: \u00d6sterreich. UID ATU63920519 hosn@hosn.at +43 670 4 007 007 Gesch\u00e4ftsf\u00fchrung: Markus Weilguny. Adresse der Gesch\u00e4ftsf\u00fchrung: siehe Link oben. Kein Kundenverkehr vor Ort. &#8220;Hosn&#8221; ist eine eingetragene Marke von&hellip;<\/p>\n","protected":false},"author":2,"featured_media":0,"parent":0,"menu_order":0,"comment_status":"closed","ping_status":"closed","template":"","meta":{"footnotes":""},"class_list":["post-8654","page","type-page","status-publish","hentry","description-off"],"yoast_head":"<!-- This site is optimized with the Yoast SEO plugin v27.1.1 - https:\/\/yoast.com\/product\/yoast-seo-wordpress\/ -->\n<title>Impressum - Hosn<\/title>\n<meta name=\"description\" content=\"Hosn are impressive. But you won&#039;t find out why in our imprint. That&#039;d be too easy.\" \/>\n<meta name=\"robots\" content=\"index, follow, max-snippet:-1, max-image-preview:large, max-video-preview:-1\" \/>\n<link rel=\"canonical\" href=\"https:\/\/hosn.at\/de\/impressum\/\" \/>\n<meta property=\"og:locale\" content=\"en_US\" \/>\n<meta property=\"og:type\" content=\"article\" \/>\n<meta property=\"og:title\" content=\"Impressum - Hosn\" \/>\n<meta property=\"og:description\" content=\"Hosn are impressive. But you won&#039;t find out why in our imprint. That&#039;d be too easy.\" \/>\n<meta property=\"og:url\" content=\"https:\/\/hosn.at\/de\/impressum\/\" \/>\n<meta property=\"og:site_name\" content=\"Hosn\" \/>\n<meta property=\"article:modified_time\" content=\"2024-06-23T20:48:27+00:00\" \/>\n<meta name=\"twitter:card\" content=\"summary_large_image\" \/>\n<meta name=\"twitter:label1\" content=\"Est. reading time\" \/>\n\t<meta name=\"twitter:data1\" content=\"2 minutes\" \/>\n<script type=\"application\/ld+json\" class=\"yoast-schema-graph\">{\"@context\":\"https:\/\/schema.org\",\"@graph\":[{\"@type\":\"WebPage\",\"@id\":\"https:\/\/hosn.at\/de\/impressum\/\",\"url\":\"https:\/\/hosn.at\/de\/impressum\/\",\"name\":\"Impressum - Hosn\",\"isPartOf\":{\"@id\":\"https:\/\/hosn.at\/en\/#website\"},\"datePublished\":\"2024-06-23T20:35:27+00:00\",\"dateModified\":\"2024-06-23T20:48:27+00:00\",\"description\":\"Hosn are impressive. But you won't find out why in our imprint. That'd be too easy.\",\"breadcrumb\":{\"@id\":\"https:\/\/hosn.at\/de\/impressum\/#breadcrumb\"},\"inLanguage\":\"en-US\",\"potentialAction\":[{\"@type\":\"ReadAction\",\"target\":[\"https:\/\/hosn.at\/de\/impressum\/\"]}]},{\"@type\":\"BreadcrumbList\",\"@id\":\"https:\/\/hosn.at\/de\/impressum\/#breadcrumb\",\"itemListElement\":[{\"@type\":\"ListItem\",\"position\":1,\"name\":\"Home\",\"item\":\"https:\/\/hosn.at\/en\/\"},{\"@type\":\"ListItem\",\"position\":2,\"name\":\"Impressum\"}]},{\"@type\":\"WebSite\",\"@id\":\"https:\/\/hosn.at\/en\/#website\",\"url\":\"https:\/\/hosn.at\/en\/\",\"name\":\"Hosn\",\"description\":\"Unite opposites with Hosn \u2013 The Universal Trousers for Business and Sports.\",\"publisher\":{\"@id\":\"https:\/\/hosn.at\/en\/#organization\"},\"potentialAction\":[{\"@type\":\"SearchAction\",\"target\":{\"@type\":\"EntryPoint\",\"urlTemplate\":\"https:\/\/hosn.at\/en\/?s={search_term_string}\"},\"query-input\":{\"@type\":\"PropertyValueSpecification\",\"valueRequired\":true,\"valueName\":\"search_term_string\"}}],\"inLanguage\":\"en-US\"},{\"@type\":\"Organization\",\"@id\":\"https:\/\/hosn.at\/en\/#organization\",\"name\":\"Hosn\",\"url\":\"https:\/\/hosn.at\/en\/\",\"logo\":{\"@type\":\"ImageObject\",\"inLanguage\":\"en-US\",\"@id\":\"https:\/\/hosn.at\/en\/#\/schema\/logo\/image\/\",\"url\":\"https:\/\/hosn.at\/wp-content\/uploads\/2021\/02\/hosn-bk-400.webp\",\"contentUrl\":\"https:\/\/hosn.at\/wp-content\/uploads\/2021\/02\/hosn-bk-400.webp\",\"width\":400,\"height\":72,\"caption\":\"Hosn\"},\"image\":{\"@id\":\"https:\/\/hosn.at\/en\/#\/schema\/logo\/image\/\"}}]}<\/script>\n<!-- \/ Yoast SEO plugin. -->","yoast_head_json":{"title":"Impressum - Hosn","description":"Hosn are impressive. But you won't find out why in our imprint. That'd be too easy.","robots":{"index":"index","follow":"follow","max-snippet":"max-snippet:-1","max-image-preview":"max-image-preview:large","max-video-preview":"max-video-preview:-1"},"canonical":"https:\/\/hosn.at\/de\/impressum\/","og_locale":"en_US","og_type":"article","og_title":"Impressum - Hosn","og_description":"Hosn are impressive. But you won't find out why in our imprint. That'd be too easy.","og_url":"https:\/\/hosn.at\/de\/impressum\/","og_site_name":"Hosn","article_modified_time":"2024-06-23T20:48:27+00:00","twitter_card":"summary_large_image","twitter_misc":{"Est. reading time":"2 minutes"},"schema":{"@context":"https:\/\/schema.org","@graph":[{"@type":"WebPage","@id":"https:\/\/hosn.at\/de\/impressum\/","url":"https:\/\/hosn.at\/de\/impressum\/","name":"Impressum - Hosn","isPartOf":{"@id":"https:\/\/hosn.at\/en\/#website"},"datePublished":"2024-06-23T20:35:27+00:00","dateModified":"2024-06-23T20:48:27+00:00","description":"Hosn are impressive. But you won't find out why in our imprint. That'd be too easy.","breadcrumb":{"@id":"https:\/\/hosn.at\/de\/impressum\/#breadcrumb"},"inLanguage":"en-US","potentialAction":[{"@type":"ReadAction","target":["https:\/\/hosn.at\/de\/impressum\/"]}]},{"@type":"BreadcrumbList","@id":"https:\/\/hosn.at\/de\/impressum\/#breadcrumb","itemListElement":[{"@type":"ListItem","position":1,"name":"Home","item":"https:\/\/hosn.at\/en\/"},{"@type":"ListItem","position":2,"name":"Impressum"}]},{"@type":"WebSite","@id":"https:\/\/hosn.at\/en\/#website","url":"https:\/\/hosn.at\/en\/","name":"Hosn","description":"Unite opposites with Hosn \u2013 The Universal Trousers for Business and Sports.","publisher":{"@id":"https:\/\/hosn.at\/en\/#organization"},"potentialAction":[{"@type":"SearchAction","target":{"@type":"EntryPoint","urlTemplate":"https:\/\/hosn.at\/en\/?s={search_term_string}"},"query-input":{"@type":"PropertyValueSpecification","valueRequired":true,"valueName":"search_term_string"}}],"inLanguage":"en-US"},{"@type":"Organization","@id":"https:\/\/hosn.at\/en\/#organization","name":"Hosn","url":"https:\/\/hosn.at\/en\/","logo":{"@type":"ImageObject","inLanguage":"en-US","@id":"https:\/\/hosn.at\/en\/#\/schema\/logo\/image\/","url":"https:\/\/hosn.at\/wp-content\/uploads\/2021\/02\/hosn-bk-400.webp","contentUrl":"https:\/\/hosn.at\/wp-content\/uploads\/2021\/02\/hosn-bk-400.webp","width":400,"height":72,"caption":"Hosn"},"image":{"@id":"https:\/\/hosn.at\/en\/#\/schema\/logo\/image\/"}}]}},"_links":{"self":[{"href":"https:\/\/hosn.at\/en\/wp-json\/wp\/v2\/pages\/8654","targetHints":{"allow":["GET"]}}],"collection":[{"href":"https:\/\/hosn.at\/en\/wp-json\/wp\/v2\/pages"}],"about":[{"href":"https:\/\/hosn.at\/en\/wp-json\/wp\/v2\/types\/page"}],"author":[{"embeddable":true,"href":"https:\/\/hosn.at\/en\/wp-json\/wp\/v2\/users\/2"}],"replies":[{"embeddable":true,"href":"https:\/\/hosn.at\/en\/wp-json\/wp\/v2\/comments?post=8654"}],"version-history":[{"count":3,"href":"https:\/\/hosn.at\/en\/wp-json\/wp\/v2\/pages\/8654\/revisions"}],"predecessor-version":[{"id":8658,"href":"https:\/\/hosn.at\/en\/wp-json\/wp\/v2\/pages\/8654\/revisions\/8658"}],"wp:attachment":[{"href":"https:\/\/hosn.at\/en\/wp-json\/wp\/v2\/media?parent=8654"}],"curies":[{"name":"wp","href":"https:\/\/api.w.org\/{rel}","templated":true}]}}