{"id":8159,"date":"2019-12-20T14:34:50","date_gmt":"2021-03-15T00:13:36","guid":{"rendered":"https:\/\/hosn.at\/product\/der-anzug\/"},"modified":"2026-03-20T14:58:32","modified_gmt":"2026-03-20T12:58:32","slug":"anzug","status":"publish","type":"product","link":"https:\/\/hosn.at\/de\/product\/anzug\/","title":{"rendered":"Der \u00c5nzug"},"content":{"rendered":"<h1>Die Wahl f\u00fcr Geheimagenten<\/h1>\n<p>Der ultimative Anzug f\u00fcr die anspruchsvollsten Eins\u00e4tze vereint Komfort und Eleganz: Uneingeschr\u00e4nkte Leistung ohne Kompromisse.<\/p>\n<ul>\n<li>Ultra-komfortabel und zeitlos elegant.<\/li>\n<li>Einsatzerprobt f\u00fcr w\u00fcrdige Missionen.<\/li>\n<\/ul>\n<p class=\"alignnone size-full wp-image-7419\"><a class=\"dt-pswp-item\" href=\"https:\/\/hosn.at\/wp-content\/uploads\/2019\/12\/Special-Fire-Babsi.jpg\" data-dt-img-description=\"\" data-large_image_width=\"960\" data-large_image_height=\"540\"><img fetchpriority=\"high\" decoding=\"async\" class=\"alignnone size-full wp-image-7409\" src=\"https:\/\/hosn.at\/wp-content\/uploads\/2019\/12\/Special-Fire-Babsi.jpg\" alt=\"\" width=\"960\" height=\"540\" srcset=\"https:\/\/hosn.at\/wp-content\/uploads\/2019\/12\/Special-Fire-Babsi.jpg 960w, https:\/\/hosn.at\/wp-content\/uploads\/2019\/12\/Special-Fire-Babsi-300x169.jpg 300w, https:\/\/hosn.at\/wp-content\/uploads\/2019\/12\/Special-Fire-Babsi-768x432.jpg 768w, https:\/\/hosn.at\/wp-content\/uploads\/2019\/12\/Special-Fire-Babsi-600x338.jpg 600w\" sizes=\"(max-width: 960px) 100vw, 960px\" \/><\/a><\/p>\n<h2><span class=\"name\" data-wfid=\"fb5846026603\">Perfekte Passform nach Ma\u00df<\/span><\/h2>\n<p><span class=\"name\" data-wfid=\"fb5846026603\">Der Anzug wird nach den h\u00f6chsten Standards der Ma\u00dfschneiderei gefertigt. Der Stil folgt diesen Grunds\u00e4tzen:<\/span><\/p>\n<ul>\n<li>Klassische Passform nach Ihrer Wahl.<\/li>\n<li>Englischer <strong>Doppelschlitz<\/strong> umschmiegt die Beweglichkeit.<\/li>\n<li><strong>Atmungsaktives,<\/strong> dehnbares Futter.<\/li>\n<li>Einfache Anpassung der \u00c4rmell\u00e4nge.<\/li>\n<li>Gewichteter Saum f\u00fcr faltenfreien Fall in der Bewegung.<\/li>\n<li>Hochwertige <strong>Bestickung<\/strong> nach individuellem Wunsch.<\/li>\n<\/ul>\n<p>Wenn Sie gerne Ihre Freunde nah und Ihre Ausr\u00fcstung n\u00e4her haben, werden Sie das Taschensystem des Anzugs zu sch\u00e4tzen wissen:<\/p>\n<ul>\n<li>Pistolentasche mit Durchgriff und Rei\u00dfverschluss.<\/li>\n<li>Versteckte Revers-Tasche f\u00fcr Geld und Karte.<\/li>\n<li>Revers-Tasche mit Rei\u00dfverschluss f\u00fcr ein zus\u00e4tzliches <strong>Telefon <\/strong>oder Dokumente.<\/li>\n<li><span class=\"name\" data-wfid=\"fb5846026603\">Boutonni\u00e8re-Schlaufe.<\/span><\/li>\n<li><span class=\"name\" data-wfid=\"fb5846026603\">Integriertes <strong>Einstecktuch<\/strong>.<\/span><\/li>\n<\/ul>\n<p>Der Anzug wird Ihre Garderobe vereinfachen: Keine unn\u00f6tigen Entscheidungen und keine Kompromisse.<\/p>\n<p><a class=\"alignnone size-full wp-image-7419\" href=\"https:\/\/hosn.at\/wp-content\/uploads\/2019\/12\/SecretStudio-5742-1.jpg\" data-dt-img-description=\"\" data-large_image_width=\"1920\" data-large_image_height=\"1080\"><img decoding=\"async\" class=\"alignnone size-full wp-image-6043\" src=\"https:\/\/hosn.at\/wp-content\/uploads\/2019\/12\/SecretStudio-5742-1.jpg\" alt=\"\" width=\"1920\" height=\"1080\" srcset=\"https:\/\/hosn.at\/wp-content\/uploads\/2019\/12\/SecretStudio-5742-1.jpg 1920w, https:\/\/hosn.at\/wp-content\/uploads\/2019\/12\/SecretStudio-5742-1-300x169.jpg 300w, https:\/\/hosn.at\/wp-content\/uploads\/2019\/12\/SecretStudio-5742-1-768x432.jpg 768w, https:\/\/hosn.at\/wp-content\/uploads\/2019\/12\/SecretStudio-5742-1-1024x576.jpg 1024w, https:\/\/hosn.at\/wp-content\/uploads\/2019\/12\/SecretStudio-5742-1-600x338.jpg 600w\" sizes=\"(max-width: 1920px) 100vw, 1920px\" \/><\/a><\/p>\n<h2>Der Anzug f\u00fcr internationale Auftr\u00e4ge<\/h2>\n<p><span class=\"name\" data-wfid=\"fb5846026603\">Entscheiden Sie sich zwischen dem klassischen <strong>Zweiknopf-Sakko<\/strong> und dem raffinierten <strong>Flip-Kragen<\/strong> der offen wie ein Zweiknopf getragen werden kann oder hochgekn\u00f6pft zu einem Mandarinkragen.<\/span><\/p>\n<h2>Voll ausgestattet mit dem Anzugs-Set<\/h2>\n<p><span class=\"name\" data-wfid=\"fb5846026603\">Nuzen Sie das gesamte Spektrum der Agenten-Garderobe. Im Set enthalten sind:<br \/>\n<\/span><\/p>\n<ul>\n<li>1 x Sakko nach Ma\u00df<\/li>\n<li>1 x <a href=\"https:\/\/hosn.at\/en\/product\/hosn\/\">Hosn<\/a> nach Ma\u00df<\/li>\n<li>2 x <a href=\"https:\/\/hosn.at\/en\/product\/shirt\/\">Hemdn<\/a> nach Ma\u00df<\/li>\n<li>2 x <a href=\"https:\/\/hosn.at\/en\/product\/cufflinks\/\">Manschettchen<\/a><\/li>\n<li>1 x <a href=\"https:\/\/hosn.at\/en\/product\/clip\/\">Multi Clip<\/a> Krawattennadel<\/li>\n<li>1 x dehnbarer <a href=\"https:\/\/hosn.at\/en\/product\/belt\/\">G\u00fcrtel<\/a><\/li>\n<li>2 x Hosn <a href=\"https:\/\/hosn.at\/en\/product\/daypack\/\">Beutel<\/a><\/li>\n<\/ul>\n<p><a class=\"dt-pswp-item\" href=\"https:\/\/hosn.at\/wp-content\/uploads\/2019\/12\/SpecialSophia-J4382_960.jpg\" data-dt-img-description=\"\" data-large_image_width=\"960\" data-large_image_height=\"540\"><img decoding=\"async\" class=\"alignnone size-full wp-image-7419\" src=\"https:\/\/hosn.at\/wp-content\/uploads\/2019\/12\/SpecialSophia-J4382_960.jpg\" alt=\"\" width=\"960\" height=\"540\" srcset=\"https:\/\/hosn.at\/wp-content\/uploads\/2019\/12\/SpecialSophia-J4382_960.jpg 960w, https:\/\/hosn.at\/wp-content\/uploads\/2019\/12\/SpecialSophia-J4382_960-300x169.jpg 300w, https:\/\/hosn.at\/wp-content\/uploads\/2019\/12\/SpecialSophia-J4382_960-768x432.jpg 768w, https:\/\/hosn.at\/wp-content\/uploads\/2019\/12\/SpecialSophia-J4382_960-600x338.jpg 600w\" sizes=\"(max-width: 960px) 100vw, 960px\" \/><\/a><\/p>\n<h2>Der Fertigungsprozess<\/h2>\n<ul>\n<li><strong>Bestellen<\/strong> Sie Ihren Anzug und teilen Sie uns Ihre W\u00fcnsche mit.<\/li>\n<li><strong>Erhalten Sie die Anprobemuster<\/strong>: Wir senden Ihnen sogenannte Schlupfgr\u00f6\u00dfen zu anhand derer wir Anpassungen vornehmen. Weiters werden Ihre Ma\u00dfe genommen \u2013 dies ist auch auf Distanz m\u00f6glich.<\/li>\n<li><strong>Erhalten Sie Ihren Anzug<\/strong> innerhalb von etwa zwei bis drei Wochen nach Vervollst\u00e4ndigung Ihrer Ma\u00dfe. <strong>Express Versand<\/strong> ist verf\u00fcgbar.<\/li>\n<li><strong>Garantierte Passform:<\/strong> Ein Ma\u00dfanzug sitzt im Regelfall nicht gleich bei der ersten Anprobe. Daher k\u00fcmmern wir uns um die notwendigen Anpassungen. So kennn wir auch die perfekte Passform f\u00fcr Ihre zuk\u00fcnftigen <a href=\"https:\/\/hosn.at\/en\/product\/shirt\/\">Hemdn<\/a>, <a href=\"https:\/\/hosn.at\/en\/product\/hosn\/\">Hosn<\/a> und schusshemmenden Gilets.<\/li>\n<li><strong>Auf zur n\u00e4chsten Mission<\/strong>.<\/li>\n<\/ul>\n<p><a class=\"dt-pswp-item\" href=\"https:\/\/hosn.at\/wp-content\/uploads\/2019\/07\/Designed-Stunts_clean.jpg\" data-dt-img-description=\"\" data-large_image_width=\"960\" data-large_image_height=\"360\"><img loading=\"lazy\" decoding=\"async\" class=\"alignnone size-full wp-image-5034\" src=\"https:\/\/hosn.at\/wp-content\/uploads\/2019\/07\/Designed-Stunts_clean.jpg\" alt=\"\" width=\"960\" height=\"360\" srcset=\"https:\/\/hosn.at\/wp-content\/uploads\/2019\/07\/Designed-Stunts_clean.jpg 960w, https:\/\/hosn.at\/wp-content\/uploads\/2019\/07\/Designed-Stunts_clean-300x113.jpg 300w, https:\/\/hosn.at\/wp-content\/uploads\/2019\/07\/Designed-Stunts_clean-768x288.jpg 768w, https:\/\/hosn.at\/wp-content\/uploads\/2019\/07\/Designed-Stunts_clean-600x225.jpg 600w\" sizes=\"(max-width: 960px) 100vw, 960px\" \/><\/a><\/p>\n<p>&nbsp;<\/p>\n<h3>Stoffe<\/h3>\n<p><a class=\"dt-pswp-item\" href=\"https:\/\/hosn.at\/wp-content\/uploads\/2018\/05\/Scenes_Swater_SPEC_256.jpg\" data-dt-img-description=\"\" data-large_image_width=\"256\" data-large_image_height=\"137\"><img loading=\"lazy\" decoding=\"async\" class=\"alignnone size-full wp-image-8041\" src=\"https:\/\/hosn.at\/wp-content\/uploads\/2018\/05\/Scenes_Swater_SPEC_256.jpg\" alt=\"\" width=\"256\" height=\"137\"><\/a><\/p>\n<p>Genie\u00dfen Sie pflegeleichte Eleganz. Entdecken Sie alle Details unserer<a href=\"https:\/\/hosn.at\/en\/fabrics\/\"> Stoffe und Pflegehinweise<\/a>.<\/p>\n<ul>\n<li>Vollst\u00e4ndige Bewegungsfreiheit: 135% dehnbar.<\/li>\n<li>210 g\/m angenehm leichter Oberstoff.<\/li>\n<li>1.000 N Zugfestigkeit.<\/li>\n<li>Hautfreundliche OekoTex &amp; bluesign zertifizierte Textilien aus Italien.<\/li>\n<\/ul>\n<p>&nbsp;<\/p>\n<h3>Verpackung<\/h3>\n<p><a class=\"dt-pswp-item\" href=\"https:\/\/hosn.at\/en\/product\/daypack\/\" data-dt-img-description=\"\" data-large_image_width=\"256\" data-large_image_height=\"256\"><img loading=\"lazy\" decoding=\"async\" class=\"alignnone wp-image-7429 size-full\" src=\"https:\/\/hosn.at\/wp-content\/uploads\/2018\/05\/Mario-3_256.jpg\" alt=\"\" width=\"256\" height=\"256\" srcset=\"https:\/\/hosn.at\/wp-content\/uploads\/2018\/05\/Mario-3_256.jpg 256w, https:\/\/hosn.at\/wp-content\/uploads\/2018\/05\/Mario-3_256-150x150.jpg 150w, https:\/\/hosn.at\/wp-content\/uploads\/2018\/05\/Mario-3_256-200x200.jpg 200w\" sizes=\"(max-width: 256px) 100vw, 256px\" \/><\/a><\/p>\n<p>Wir k\u00fcmmern uns um eine nachhaltige Produktion und auch die Verpackung soll dies reflektieren: Die Hosn wird nicht in Plastik, sondern in <a href=\"https:\/\/hosn.at\/en\/product\/daypack\/\">Baumwoll-Beuteln<\/a> versendet.<\/p>\n<p>Danke f\u00fcr die Unterst\u00fctzung! Neugierig geworden auf unsere <a href=\"https:\/\/hosn.at\/en\/ethics-due-diligence\/\">Prinzipien<\/a>?<\/p>\n","protected":false},"excerpt":{"rendered":"<h4>Vereinen Sie Komfort und Eleganz<\/h4>\n<p>Die Wahl f\u00fcr Geheimagenten in exklusiver Ma\u00dffertigung:<\/p>\n<ul>\n<li><span class=\"name\" data-wfid=\"db4f1ca48915\">Leichte und luxuri\u00f6se<\/span><span class=\"name\" data-wfid=\"db4f1ca48915\"> italienische Stoffe.<\/span><\/li>\n<li><span class=\"name\" data-wfid=\"db4f1ca48915\">Maximaler Komfort durch atmungsaktive Bewegungsfreiheit. <\/span><\/li>\n<li><span class=\"name\" data-wfid=\"db4f1ca48915\">Wasser- und schmutzabweisende, selbstb\u00fcgelnde und pflegeleichte Handhabung.<\/span><\/li>\n<\/ul>\n<h4>Garantiert der angenehmste und bewegungsfreundlichste Anzug, den Sie jemals besessen haben.<\/h4>\n<p>Alle Anz\u00fcge werden individuell nach Ma\u00df gefertigt. Die Referenzgr\u00f6\u00dfe dient der ersten Anprobe.<\/p>\n","protected":false},"featured_media":5914,"comment_status":"open","ping_status":"closed","template":"","meta":[],"product_brand":[],"product_cat":[286],"product_tag":[],"class_list":{"0":"post-8159","1":"product","2":"type-product","3":"status-publish","4":"has-post-thumbnail","6":"product_cat-anzug","7":"description-off","9":"first","10":"instock","11":"sale","12":"taxable","13":"shipping-taxable","14":"purchasable","15":"product-type-variable","16":"has-default-attributes"},"yoast_head":"<!-- This site is optimized with the Yoast SEO plugin v27.1.1 - https:\/\/yoast.com\/product\/yoast-seo-wordpress\/ -->\n<title>Der \u00c5nzug - Hosn<\/title>\n<meta name=\"description\" content=\"Der ultimative Ma\u00dfanzug f\u00fcr anspruchsvollste Eins\u00e4tze: Dehnbar, leicht, elegant, funktionell und exklusiv bei Hosn.\" \/>\n<meta name=\"robots\" content=\"index, follow, max-snippet:-1, max-image-preview:large, max-video-preview:-1\" \/>\n<link rel=\"canonical\" href=\"https:\/\/hosn.at\/de\/product\/anzug\/\" \/>\n<meta property=\"og:locale\" content=\"de_DE\" \/>\n<meta property=\"og:type\" content=\"article\" \/>\n<meta property=\"og:title\" content=\"Der \u00c5nzug - Hosn\" \/>\n<meta property=\"og:description\" content=\"Der ultimative Ma\u00dfanzug f\u00fcr anspruchsvollste Eins\u00e4tze: Dehnbar, leicht, elegant, funktionell und exklusiv bei Hosn.\" \/>\n<meta property=\"og:url\" content=\"https:\/\/hosn.at\/de\/product\/anzug\/\" \/>\n<meta property=\"og:site_name\" content=\"Hosn\" \/>\n<meta property=\"article:modified_time\" content=\"2026-03-20T12:58:32+00:00\" \/>\n<meta property=\"og:image\" content=\"https:\/\/hosn.at\/wp-content\/uploads\/2019\/12\/SpecialSophia-J07c.jpg\" \/>\n\t<meta property=\"og:image:width\" content=\"540\" \/>\n\t<meta property=\"og:image:height\" content=\"960\" \/>\n\t<meta property=\"og:image:type\" content=\"image\/jpeg\" \/>\n<meta name=\"twitter:card\" content=\"summary_large_image\" \/>\n<meta name=\"twitter:label1\" content=\"Gesch\u00e4tzte Lesezeit\" \/>\n\t<meta name=\"twitter:data1\" content=\"2\u00a0Minuten\" \/>\n<script type=\"application\/ld+json\" class=\"yoast-schema-graph\">{\"@context\":\"https:\/\/schema.org\",\"@graph\":[{\"@type\":\"WebPage\",\"@id\":\"https:\/\/hosn.at\/de\/product\/anzug\/\",\"url\":\"https:\/\/hosn.at\/de\/product\/anzug\/\",\"name\":\"Der \u00c5nzug - Hosn\",\"isPartOf\":{\"@id\":\"https:\/\/hosn.at\/en\/#website\"},\"primaryImageOfPage\":{\"@id\":\"https:\/\/hosn.at\/de\/product\/anzug\/#primaryimage\"},\"image\":{\"@id\":\"https:\/\/hosn.at\/de\/product\/anzug\/#primaryimage\"},\"thumbnailUrl\":\"https:\/\/hosn.at\/wp-content\/uploads\/2019\/12\/SpecialSophia-J07c.jpg\",\"datePublished\":\"2021-03-15T00:13:36+00:00\",\"dateModified\":\"2026-03-20T12:58:32+00:00\",\"description\":\"Der ultimative Ma\u00dfanzug f\u00fcr anspruchsvollste Eins\u00e4tze: Dehnbar, leicht, elegant, funktionell und exklusiv bei Hosn.\",\"breadcrumb\":{\"@id\":\"https:\/\/hosn.at\/de\/product\/anzug\/#breadcrumb\"},\"inLanguage\":\"de\",\"potentialAction\":[{\"@type\":\"ReadAction\",\"target\":[\"https:\/\/hosn.at\/de\/product\/anzug\/\"]}]},{\"@type\":\"ImageObject\",\"inLanguage\":\"de\",\"@id\":\"https:\/\/hosn.at\/de\/product\/anzug\/#primaryimage\",\"url\":\"https:\/\/hosn.at\/wp-content\/uploads\/2019\/12\/SpecialSophia-J07c.jpg\",\"contentUrl\":\"https:\/\/hosn.at\/wp-content\/uploads\/2019\/12\/SpecialSophia-J07c.jpg\",\"width\":540,\"height\":960},{\"@type\":\"BreadcrumbList\",\"@id\":\"https:\/\/hosn.at\/de\/product\/anzug\/#breadcrumb\",\"itemListElement\":[{\"@type\":\"ListItem\",\"position\":1,\"name\":\"Home\",\"item\":\"https:\/\/hosn.at\/de\/\"},{\"@type\":\"ListItem\",\"position\":2,\"name\":\"Products\",\"item\":\"https:\/\/hosn.at\/en\/shop\/\"},{\"@type\":\"ListItem\",\"position\":3,\"name\":\"Der \u00c5nzug\"}]},{\"@type\":\"WebSite\",\"@id\":\"https:\/\/hosn.at\/en\/#website\",\"url\":\"https:\/\/hosn.at\/en\/\",\"name\":\"Hosn\",\"description\":\"Unite opposites with Hosn \u2013 The Universal Trousers for Business and Sports.\",\"publisher\":{\"@id\":\"https:\/\/hosn.at\/en\/#organization\"},\"potentialAction\":[{\"@type\":\"SearchAction\",\"target\":{\"@type\":\"EntryPoint\",\"urlTemplate\":\"https:\/\/hosn.at\/en\/?s={search_term_string}\"},\"query-input\":{\"@type\":\"PropertyValueSpecification\",\"valueRequired\":true,\"valueName\":\"search_term_string\"}}],\"inLanguage\":\"de\"},{\"@type\":\"Organization\",\"@id\":\"https:\/\/hosn.at\/en\/#organization\",\"name\":\"Hosn\",\"url\":\"https:\/\/hosn.at\/en\/\",\"logo\":{\"@type\":\"ImageObject\",\"inLanguage\":\"de\",\"@id\":\"https:\/\/hosn.at\/en\/#\/schema\/logo\/image\/\",\"url\":\"https:\/\/hosn.at\/wp-content\/uploads\/2021\/02\/hosn-bk-400.webp\",\"contentUrl\":\"https:\/\/hosn.at\/wp-content\/uploads\/2021\/02\/hosn-bk-400.webp\",\"width\":400,\"height\":72,\"caption\":\"Hosn\"},\"image\":{\"@id\":\"https:\/\/hosn.at\/en\/#\/schema\/logo\/image\/\"}}]}<\/script>\n<!-- \/ Yoast SEO plugin. -->","yoast_head_json":{"title":"Der \u00c5nzug - Hosn","description":"Der ultimative Ma\u00dfanzug f\u00fcr anspruchsvollste Eins\u00e4tze: Dehnbar, leicht, elegant, funktionell und exklusiv bei Hosn.","robots":{"index":"index","follow":"follow","max-snippet":"max-snippet:-1","max-image-preview":"max-image-preview:large","max-video-preview":"max-video-preview:-1"},"canonical":"https:\/\/hosn.at\/de\/product\/anzug\/","og_locale":"de_DE","og_type":"article","og_title":"Der \u00c5nzug - Hosn","og_description":"Der ultimative Ma\u00dfanzug f\u00fcr anspruchsvollste Eins\u00e4tze: Dehnbar, leicht, elegant, funktionell und exklusiv bei Hosn.","og_url":"https:\/\/hosn.at\/de\/product\/anzug\/","og_site_name":"Hosn","article_modified_time":"2026-03-20T12:58:32+00:00","og_image":[{"width":540,"height":960,"url":"https:\/\/hosn.at\/wp-content\/uploads\/2019\/12\/SpecialSophia-J07c.jpg","type":"image\/jpeg"}],"twitter_card":"summary_large_image","twitter_misc":{"Gesch\u00e4tzte Lesezeit":"2\u00a0Minuten"},"schema":{"@context":"https:\/\/schema.org","@graph":[{"@type":"WebPage","@id":"https:\/\/hosn.at\/de\/product\/anzug\/","url":"https:\/\/hosn.at\/de\/product\/anzug\/","name":"Der \u00c5nzug - Hosn","isPartOf":{"@id":"https:\/\/hosn.at\/en\/#website"},"primaryImageOfPage":{"@id":"https:\/\/hosn.at\/de\/product\/anzug\/#primaryimage"},"image":{"@id":"https:\/\/hosn.at\/de\/product\/anzug\/#primaryimage"},"thumbnailUrl":"https:\/\/hosn.at\/wp-content\/uploads\/2019\/12\/SpecialSophia-J07c.jpg","datePublished":"2021-03-15T00:13:36+00:00","dateModified":"2026-03-20T12:58:32+00:00","description":"Der ultimative Ma\u00dfanzug f\u00fcr anspruchsvollste Eins\u00e4tze: Dehnbar, leicht, elegant, funktionell und exklusiv bei Hosn.","breadcrumb":{"@id":"https:\/\/hosn.at\/de\/product\/anzug\/#breadcrumb"},"inLanguage":"de","potentialAction":[{"@type":"ReadAction","target":["https:\/\/hosn.at\/de\/product\/anzug\/"]}]},{"@type":"ImageObject","inLanguage":"de","@id":"https:\/\/hosn.at\/de\/product\/anzug\/#primaryimage","url":"https:\/\/hosn.at\/wp-content\/uploads\/2019\/12\/SpecialSophia-J07c.jpg","contentUrl":"https:\/\/hosn.at\/wp-content\/uploads\/2019\/12\/SpecialSophia-J07c.jpg","width":540,"height":960},{"@type":"BreadcrumbList","@id":"https:\/\/hosn.at\/de\/product\/anzug\/#breadcrumb","itemListElement":[{"@type":"ListItem","position":1,"name":"Home","item":"https:\/\/hosn.at\/de\/"},{"@type":"ListItem","position":2,"name":"Products","item":"https:\/\/hosn.at\/en\/shop\/"},{"@type":"ListItem","position":3,"name":"Der \u00c5nzug"}]},{"@type":"WebSite","@id":"https:\/\/hosn.at\/en\/#website","url":"https:\/\/hosn.at\/en\/","name":"Hosn","description":"Unite opposites with Hosn \u2013 The Universal Trousers for Business and Sports.","publisher":{"@id":"https:\/\/hosn.at\/en\/#organization"},"potentialAction":[{"@type":"SearchAction","target":{"@type":"EntryPoint","urlTemplate":"https:\/\/hosn.at\/en\/?s={search_term_string}"},"query-input":{"@type":"PropertyValueSpecification","valueRequired":true,"valueName":"search_term_string"}}],"inLanguage":"de"},{"@type":"Organization","@id":"https:\/\/hosn.at\/en\/#organization","name":"Hosn","url":"https:\/\/hosn.at\/en\/","logo":{"@type":"ImageObject","inLanguage":"de","@id":"https:\/\/hosn.at\/en\/#\/schema\/logo\/image\/","url":"https:\/\/hosn.at\/wp-content\/uploads\/2021\/02\/hosn-bk-400.webp","contentUrl":"https:\/\/hosn.at\/wp-content\/uploads\/2021\/02\/hosn-bk-400.webp","width":400,"height":72,"caption":"Hosn"},"image":{"@id":"https:\/\/hosn.at\/en\/#\/schema\/logo\/image\/"}}]}},"_links":{"self":[{"href":"https:\/\/hosn.at\/de\/wp-json\/wp\/v2\/product\/8159","targetHints":{"allow":["GET"]}}],"collection":[{"href":"https:\/\/hosn.at\/de\/wp-json\/wp\/v2\/product"}],"about":[{"href":"https:\/\/hosn.at\/de\/wp-json\/wp\/v2\/types\/product"}],"replies":[{"embeddable":true,"href":"https:\/\/hosn.at\/de\/wp-json\/wp\/v2\/comments?post=8159"}],"wp:featuredmedia":[{"embeddable":true,"href":"https:\/\/hosn.at\/de\/wp-json\/wp\/v2\/media\/5914"}],"wp:attachment":[{"href":"https:\/\/hosn.at\/de\/wp-json\/wp\/v2\/media?parent=8159"}],"wp:term":[{"taxonomy":"product_brand","embeddable":true,"href":"https:\/\/hosn.at\/de\/wp-json\/wp\/v2\/product_brand?post=8159"},{"taxonomy":"product_cat","embeddable":true,"href":"https:\/\/hosn.at\/de\/wp-json\/wp\/v2\/product_cat?post=8159"},{"taxonomy":"product_tag","embeddable":true,"href":"https:\/\/hosn.at\/de\/wp-json\/wp\/v2\/product_tag?post=8159"}],"curies":[{"name":"wp","href":"https:\/\/api.w.org\/{rel}","templated":true}]}}