{"id":2596,"date":"2018-05-06T15:18:24","date_gmt":"2018-05-06T15:18:24","guid":{"rendered":"https:\/\/hosn.at\/product\/hosn\/"},"modified":"2026-02-21T16:36:53","modified_gmt":"2026-02-21T14:36:53","slug":"hosn","status":"publish","type":"product","link":"https:\/\/hosn.at\/de\/product\/hosn\/","title":{"rendered":"Die Hosn"},"content":{"rendered":"<h1>Eine universelle, elegante Stretch Hose f\u00fcr Damen und Herren: Die Hosn.<\/h1>\n<p>Die Jeans des 21. Jahrhunderts: Eine Hose f\u00fcr alle Zwecke. Seit 2016 Inbegriff f\u00fcr \u00f6sterreichische Gem\u00fctlichkeit, deutsche Funktionalit\u00e4t, und internationalen Stil. Selbstb\u00fcgelnd, wasserabweisend, flexibler als der Gro\u00dfteil der Menschheit, und eine wertvolle Unterst\u00fctzung auf jeder Mission: Die Hosn.<\/p>\n<ul>\n<li><span class=\"name\" data-wfid=\"501f8b794bc3\">Ideal f\u00fcr Beruf &amp; Bewegung.<\/span><\/li>\n<li><span class=\"name\" data-wfid=\"e699f8ecc67c\">Unterst\u00fctzt zuverl\u00e4ssig und l\u00e4ssig auf jeder Mission.<br \/>\n<\/span><\/li>\n<li><span class=\"name\" data-wfid=\"0e1df4824734\">F\u00fcr Weltenbummler ebenso bequem wie f\u00fcr Home-Officers.<\/span><\/li>\n<\/ul>\n<p><a href=\"https:\/\/hosn.at\/de\/\">Mehr erkunden<\/a>.<\/p>\n<p>&nbsp;<\/p>\n<h2>F\u00fcr Bewegung erschaffen<\/h2>\n<p>Die Hosn ist eine elastische Anzughose, die vollst\u00e4ndige Bewegungsfreiheit bietet. Die Hosn wurde geboren aus der <a href=\"https:\/\/FightingForFilm.com\">Arbeit mit Stunts<\/a> und <a href=\"https:\/\/DrGo.at\">gesundheitsf\u00f6rdernder Bewegung<\/a>. (Mehr zur Entstehungsgeschichte gibts auf unserer <a href=\"https:\/\/hosn.at\/en\/about\/#story\">Team-Seite<\/a>.) Das komplette Design beruht daher auf uneingeschr\u00e4nkter Flexibilit\u00e4t und Freude an der Bewegung. Die italienischen Stoffen unterst\u00fctzen diese Freude mit sanfter Gem\u00fctlichkeit. Das Ziel war, bequemer als Jogging-Hosen zu sein #challengeaccepted.<\/p>\n<p>Wir unterst\u00fctzen auch alle unsere Kunden mit orthop\u00e4dischen Trainingsvideos von <a href=\"https:\/\/DrGo.at\">DrGo.at<\/a>, damit wir alle unsere Beweglichkeit (und unsere Hosn) bis ins hohe Alter genie\u00dfen k\u00f6nnen.<\/p>\n<p>&nbsp;<\/p>\n<h2>Technische Spezifikationen<\/h2>\n<ul>\n<li>Vollst\u00e4ndige Bewegungsfreiheit: 135% dehnbar.<\/li>\n<li>Leichter Stoff mit 210 g\/m\u00a0 (bei herk\u00f6mmlichen Jeans: 350 g\/m).<\/li>\n<li>Rei\u00dffest mit 1.000 N Zugfestigkeit.<\/li>\n<li>11 Taschen (bei Anzugshosen \u00fcblich: 4).<\/li>\n<li>Hautfreundliche OekoTex &amp; bluesign zertifizierte Stretch Textilien aus Italien.<\/li>\n<\/ul>\n<p>&nbsp;<\/p>\n<h2>In allen <a href=\"https:\/\/hosn.at\/de\/sizes\/#ready\">Gr\u00f6\u00dfen<\/a> verf\u00fcgbar<\/h2>\n<p><a class=\"dt-pswp-item\" href=\"https:\/\/hosn.at\/de\/sizes\/#ready\" data-dt-img-description=\"\" data-large_image_width=\"480\" data-large_image_height=\"270\"><img decoding=\"async\" class=\"alignnone wp-image-5478\" src=\"https:\/\/hosn.at\/wp-content\/uploads\/2019\/11\/Studio-6636_widthS.jpg\" alt=\"\" width=\"240\" height=\"135\" srcset=\"https:\/\/hosn.at\/wp-content\/uploads\/2019\/11\/Studio-6636_widthS.jpg 480w, https:\/\/hosn.at\/wp-content\/uploads\/2019\/11\/Studio-6636_widthS-300x169.jpg 300w\" sizes=\"(max-width: 240px) 100vw, 240px\" \/><\/a><\/p>\n<p>Hosn von der Stange gibts von Gr\u00f6\u00dfe 32 bis 60, das entspricht den Jeans-Gr\u00f6\u00dfen 24&#8243; bis 44&#8243;.<\/p>\n<p>Unser <a href=\"https:\/\/hosn.at\/de\/sizes\/\">Gr\u00f6\u00dfenratgeber<\/a> hilft bei der Auswahl der passenden Konfektionsgr\u00f6\u00dfe.<\/p>\n<p>Dar\u00fcber hinaus fertigen wir auch <a href=\"https:\/\/hosn.at\/de\/individuelle-fertigung\/\">Hosn nach Ma\u00df<\/a>. Damit gibts f\u00fcr alle Agenten die <strong>garantierte Passform<\/strong>.<\/p>\n<p><strong>Die L\u00e4nge<\/strong> kann bis 36&#8243; frei angepasst werden, wie sich das f\u00fcr Anzugshosen geh\u00f6rt.<\/p>\n<p>&nbsp;<\/p>\n<h2>Gr\u00fcne Verpackung, schwarze Hose<\/h2>\n<p><a class=\"dt-pswp-item\" href=\"https:\/\/hosn.at\/en\/product\/daypack\/\" data-dt-img-description=\"\" data-large_image_width=\"256\" data-large_image_height=\"256\"><img fetchpriority=\"high\" decoding=\"async\" class=\"alignnone wp-image-7429 size-full\" src=\"https:\/\/hosn.at\/wp-content\/uploads\/2018\/05\/Mario-3_256.jpg\" alt=\"\" width=\"256\" height=\"256\" srcset=\"https:\/\/hosn.at\/wp-content\/uploads\/2018\/05\/Mario-3_256.jpg 256w, https:\/\/hosn.at\/wp-content\/uploads\/2018\/05\/Mario-3_256-150x150.jpg 150w, https:\/\/hosn.at\/wp-content\/uploads\/2018\/05\/Mario-3_256-200x200.jpg 200w\" sizes=\"(max-width: 256px) 100vw, 256px\" \/><\/a><\/p>\n<p>Wir k\u00fcmmern uns um eine nachhaltige Produktion und auch die Verpackung soll dies reflektieren: Die Hosn wird nicht in Plastik, sondern in <a href=\"https:\/\/hosn.at\/en\/product\/daypack\/\">Baumwoll-Beuteln<\/a> versendet.<\/p>\n<p>Danke f\u00fcr die Unterst\u00fctzung einer nachhaltigen Bewegung f\u00fcr mehr Bewegung! Neugierig geworden auf unsere <a href=\"https:\/\/hosn.at\/en\/ethics-due-diligence\/\">Prinzipien<\/a>?<\/p>\n","protected":false},"excerpt":{"rendered":"<p><em>&#8222;Die Hosn f\u00fcrs Leben <\/em>\u2764\ufe0f<em>&#8222;<\/em> \u2013 um unsere Kunden zu zitieren.<\/p>\n<p>Wie sch\u00f6n w\u00e4re es, eine elegante Anzughose zu haben, die b\u00fcgelfrei und waschmaschinenfest ist, niemals rei\u00dft und jede Bewegung nicht nur mitmacht, sondern auch unterst\u00fctzt? Und dann noch so viel Stauraum wie Cargo Hosen bietet, ohne dass die Taschen auftragen! Und wenn wir uns schon Dinge w\u00fcnschen: Die Taschen sollen beim Bewegen nicht st\u00f6ren. Und eine Geheimtasche w\u00e4r super! Und der Stoff soll nicht wie Plastik sein, sondern richtig z\u00e4rtlich auf der Haut.<\/p>\n<p>Bittesehr, jetzt hast Du deine Hosn gefunden:<\/p>\n<ul>\n<li>Luxuri\u00f6se italienische Stoffe mit absoluter Bewegungsfreiheit.<\/li>\n<li>Elegant, maschinwaschbar, selbstb\u00fcgelnd und schmutzabweisend.<\/li>\n<li>Geniales Taschensystem.<\/li>\n<\/ul>\n<p><em>&#8222;Ich trage seit ich die Hosn habe keine Jeans mehr \u2013 ich liebe das Teil <\/em>\ud83d\ude0a<em>&#8222;<\/em><\/p>\n","protected":false},"featured_media":2363,"comment_status":"open","ping_status":"closed","template":"","meta":[],"product_brand":[],"product_cat":[124],"product_tag":[],"class_list":{"0":"post-2596","1":"product","2":"type-product","3":"status-publish","4":"has-post-thumbnail","6":"product_cat-hosn-de","7":"description-off","9":"first","10":"instock","11":"taxable","12":"shipping-taxable","13":"purchasable","14":"product-type-variable","15":"has-default-attributes"},"yoast_head":"<!-- This site is optimized with the Yoast SEO plugin v27.1.1 - https:\/\/yoast.com\/product\/yoast-seo-wordpress\/ -->\n<title>Die universelle Hose f\u00fcr B\u00fcro, Reisen und Sport: Die Hosn.<\/title>\n<meta name=\"description\" content=\"Eine elegante, waschmaschinenfeste und selbstb\u00fcgelnde Stretch Hose mit einem raffinierten Taschensystem f\u00fcr Schl\u00fcssel, Karten, Pass und Trinkflasche.\" \/>\n<meta name=\"robots\" content=\"index, follow, max-snippet:-1, max-image-preview:large, max-video-preview:-1\" \/>\n<link rel=\"canonical\" href=\"https:\/\/hosn.at\/de\/product\/hosn\/\" \/>\n<meta property=\"og:locale\" content=\"de_DE\" \/>\n<meta property=\"og:type\" content=\"article\" \/>\n<meta property=\"og:title\" content=\"Die universelle Hose f\u00fcr B\u00fcro, Reisen und Sport: Die Hosn.\" \/>\n<meta property=\"og:description\" content=\"Eine elegante, waschmaschinenfeste und selbstb\u00fcgelnde Stretch Hose mit einem raffinierten Taschensystem f\u00fcr Schl\u00fcssel, Karten, Pass und Trinkflasche.\" \/>\n<meta property=\"og:url\" content=\"https:\/\/hosn.at\/de\/product\/hosn\/\" \/>\n<meta property=\"og:site_name\" content=\"Hosn\" \/>\n<meta property=\"article:modified_time\" content=\"2026-02-21T14:36:53+00:00\" \/>\n<meta property=\"og:image\" content=\"https:\/\/hosn.at\/wp-content\/uploads\/2018\/05\/Sonne-1489.jpg\" \/>\n\t<meta property=\"og:image:width\" content=\"540\" \/>\n\t<meta property=\"og:image:height\" content=\"960\" \/>\n\t<meta property=\"og:image:type\" content=\"image\/jpeg\" \/>\n<meta name=\"twitter:card\" content=\"summary_large_image\" \/>\n<meta name=\"twitter:label1\" content=\"Gesch\u00e4tzte Lesezeit\" \/>\n\t<meta name=\"twitter:data1\" content=\"3\u00a0Minuten\" \/>\n<script type=\"application\/ld+json\" class=\"yoast-schema-graph\">{\"@context\":\"https:\/\/schema.org\",\"@graph\":[{\"@type\":\"WebPage\",\"@id\":\"https:\/\/hosn.at\/de\/product\/hosn\/\",\"url\":\"https:\/\/hosn.at\/de\/product\/hosn\/\",\"name\":\"Die universelle Hose f\u00fcr B\u00fcro, Reisen und Sport: Die Hosn.\",\"isPartOf\":{\"@id\":\"https:\/\/hosn.at\/en\/#website\"},\"primaryImageOfPage\":{\"@id\":\"https:\/\/hosn.at\/de\/product\/hosn\/#primaryimage\"},\"image\":{\"@id\":\"https:\/\/hosn.at\/de\/product\/hosn\/#primaryimage\"},\"thumbnailUrl\":\"https:\/\/hosn.at\/wp-content\/uploads\/2018\/05\/Sonne-1489.jpg\",\"datePublished\":\"2018-05-06T15:18:24+00:00\",\"dateModified\":\"2026-02-21T14:36:53+00:00\",\"description\":\"Eine elegante, waschmaschinenfeste und selbstb\u00fcgelnde Stretch Hose mit einem raffinierten Taschensystem f\u00fcr Schl\u00fcssel, Karten, Pass und Trinkflasche.\",\"breadcrumb\":{\"@id\":\"https:\/\/hosn.at\/de\/product\/hosn\/#breadcrumb\"},\"inLanguage\":\"de\",\"potentialAction\":[{\"@type\":\"ReadAction\",\"target\":[\"https:\/\/hosn.at\/de\/product\/hosn\/\"]}]},{\"@type\":\"ImageObject\",\"inLanguage\":\"de\",\"@id\":\"https:\/\/hosn.at\/de\/product\/hosn\/#primaryimage\",\"url\":\"https:\/\/hosn.at\/wp-content\/uploads\/2018\/05\/Sonne-1489.jpg\",\"contentUrl\":\"https:\/\/hosn.at\/wp-content\/uploads\/2018\/05\/Sonne-1489.jpg\",\"width\":540,\"height\":960},{\"@type\":\"BreadcrumbList\",\"@id\":\"https:\/\/hosn.at\/de\/product\/hosn\/#breadcrumb\",\"itemListElement\":[{\"@type\":\"ListItem\",\"position\":1,\"name\":\"Home\",\"item\":\"https:\/\/hosn.at\/de\/\"},{\"@type\":\"ListItem\",\"position\":2,\"name\":\"Products\",\"item\":\"https:\/\/hosn.at\/en\/shop\/\"},{\"@type\":\"ListItem\",\"position\":3,\"name\":\"Die Hosn\"}]},{\"@type\":\"WebSite\",\"@id\":\"https:\/\/hosn.at\/en\/#website\",\"url\":\"https:\/\/hosn.at\/en\/\",\"name\":\"Hosn\",\"description\":\"Unite opposites with Hosn \u2013 The Universal Trousers for Business and Sports.\",\"publisher\":{\"@id\":\"https:\/\/hosn.at\/en\/#organization\"},\"potentialAction\":[{\"@type\":\"SearchAction\",\"target\":{\"@type\":\"EntryPoint\",\"urlTemplate\":\"https:\/\/hosn.at\/en\/?s={search_term_string}\"},\"query-input\":{\"@type\":\"PropertyValueSpecification\",\"valueRequired\":true,\"valueName\":\"search_term_string\"}}],\"inLanguage\":\"de\"},{\"@type\":\"Organization\",\"@id\":\"https:\/\/hosn.at\/en\/#organization\",\"name\":\"Hosn\",\"url\":\"https:\/\/hosn.at\/en\/\",\"logo\":{\"@type\":\"ImageObject\",\"inLanguage\":\"de\",\"@id\":\"https:\/\/hosn.at\/en\/#\/schema\/logo\/image\/\",\"url\":\"https:\/\/hosn.at\/wp-content\/uploads\/2021\/02\/hosn-bk-400.webp\",\"contentUrl\":\"https:\/\/hosn.at\/wp-content\/uploads\/2021\/02\/hosn-bk-400.webp\",\"width\":400,\"height\":72,\"caption\":\"Hosn\"},\"image\":{\"@id\":\"https:\/\/hosn.at\/en\/#\/schema\/logo\/image\/\"}}]}<\/script>\n<!-- \/ Yoast SEO plugin. -->","yoast_head_json":{"title":"Die universelle Hose f\u00fcr B\u00fcro, Reisen und Sport: Die Hosn.","description":"Eine elegante, waschmaschinenfeste und selbstb\u00fcgelnde Stretch Hose mit einem raffinierten Taschensystem f\u00fcr Schl\u00fcssel, Karten, Pass und Trinkflasche.","robots":{"index":"index","follow":"follow","max-snippet":"max-snippet:-1","max-image-preview":"max-image-preview:large","max-video-preview":"max-video-preview:-1"},"canonical":"https:\/\/hosn.at\/de\/product\/hosn\/","og_locale":"de_DE","og_type":"article","og_title":"Die universelle Hose f\u00fcr B\u00fcro, Reisen und Sport: Die Hosn.","og_description":"Eine elegante, waschmaschinenfeste und selbstb\u00fcgelnde Stretch Hose mit einem raffinierten Taschensystem f\u00fcr Schl\u00fcssel, Karten, Pass und Trinkflasche.","og_url":"https:\/\/hosn.at\/de\/product\/hosn\/","og_site_name":"Hosn","article_modified_time":"2026-02-21T14:36:53+00:00","og_image":[{"width":540,"height":960,"url":"https:\/\/hosn.at\/wp-content\/uploads\/2018\/05\/Sonne-1489.jpg","type":"image\/jpeg"}],"twitter_card":"summary_large_image","twitter_misc":{"Gesch\u00e4tzte Lesezeit":"3\u00a0Minuten"},"schema":{"@context":"https:\/\/schema.org","@graph":[{"@type":"WebPage","@id":"https:\/\/hosn.at\/de\/product\/hosn\/","url":"https:\/\/hosn.at\/de\/product\/hosn\/","name":"Die universelle Hose f\u00fcr B\u00fcro, Reisen und Sport: Die Hosn.","isPartOf":{"@id":"https:\/\/hosn.at\/en\/#website"},"primaryImageOfPage":{"@id":"https:\/\/hosn.at\/de\/product\/hosn\/#primaryimage"},"image":{"@id":"https:\/\/hosn.at\/de\/product\/hosn\/#primaryimage"},"thumbnailUrl":"https:\/\/hosn.at\/wp-content\/uploads\/2018\/05\/Sonne-1489.jpg","datePublished":"2018-05-06T15:18:24+00:00","dateModified":"2026-02-21T14:36:53+00:00","description":"Eine elegante, waschmaschinenfeste und selbstb\u00fcgelnde Stretch Hose mit einem raffinierten Taschensystem f\u00fcr Schl\u00fcssel, Karten, Pass und Trinkflasche.","breadcrumb":{"@id":"https:\/\/hosn.at\/de\/product\/hosn\/#breadcrumb"},"inLanguage":"de","potentialAction":[{"@type":"ReadAction","target":["https:\/\/hosn.at\/de\/product\/hosn\/"]}]},{"@type":"ImageObject","inLanguage":"de","@id":"https:\/\/hosn.at\/de\/product\/hosn\/#primaryimage","url":"https:\/\/hosn.at\/wp-content\/uploads\/2018\/05\/Sonne-1489.jpg","contentUrl":"https:\/\/hosn.at\/wp-content\/uploads\/2018\/05\/Sonne-1489.jpg","width":540,"height":960},{"@type":"BreadcrumbList","@id":"https:\/\/hosn.at\/de\/product\/hosn\/#breadcrumb","itemListElement":[{"@type":"ListItem","position":1,"name":"Home","item":"https:\/\/hosn.at\/de\/"},{"@type":"ListItem","position":2,"name":"Products","item":"https:\/\/hosn.at\/en\/shop\/"},{"@type":"ListItem","position":3,"name":"Die Hosn"}]},{"@type":"WebSite","@id":"https:\/\/hosn.at\/en\/#website","url":"https:\/\/hosn.at\/en\/","name":"Hosn","description":"Unite opposites with Hosn \u2013 The Universal Trousers for Business and Sports.","publisher":{"@id":"https:\/\/hosn.at\/en\/#organization"},"potentialAction":[{"@type":"SearchAction","target":{"@type":"EntryPoint","urlTemplate":"https:\/\/hosn.at\/en\/?s={search_term_string}"},"query-input":{"@type":"PropertyValueSpecification","valueRequired":true,"valueName":"search_term_string"}}],"inLanguage":"de"},{"@type":"Organization","@id":"https:\/\/hosn.at\/en\/#organization","name":"Hosn","url":"https:\/\/hosn.at\/en\/","logo":{"@type":"ImageObject","inLanguage":"de","@id":"https:\/\/hosn.at\/en\/#\/schema\/logo\/image\/","url":"https:\/\/hosn.at\/wp-content\/uploads\/2021\/02\/hosn-bk-400.webp","contentUrl":"https:\/\/hosn.at\/wp-content\/uploads\/2021\/02\/hosn-bk-400.webp","width":400,"height":72,"caption":"Hosn"},"image":{"@id":"https:\/\/hosn.at\/en\/#\/schema\/logo\/image\/"}}]}},"_links":{"self":[{"href":"https:\/\/hosn.at\/de\/wp-json\/wp\/v2\/product\/2596","targetHints":{"allow":["GET"]}}],"collection":[{"href":"https:\/\/hosn.at\/de\/wp-json\/wp\/v2\/product"}],"about":[{"href":"https:\/\/hosn.at\/de\/wp-json\/wp\/v2\/types\/product"}],"replies":[{"embeddable":true,"href":"https:\/\/hosn.at\/de\/wp-json\/wp\/v2\/comments?post=2596"}],"wp:featuredmedia":[{"embeddable":true,"href":"https:\/\/hosn.at\/de\/wp-json\/wp\/v2\/media\/2363"}],"wp:attachment":[{"href":"https:\/\/hosn.at\/de\/wp-json\/wp\/v2\/media?parent=2596"}],"wp:term":[{"taxonomy":"product_brand","embeddable":true,"href":"https:\/\/hosn.at\/de\/wp-json\/wp\/v2\/product_brand?post=2596"},{"taxonomy":"product_cat","embeddable":true,"href":"https:\/\/hosn.at\/de\/wp-json\/wp\/v2\/product_cat?post=2596"},{"taxonomy":"product_tag","embeddable":true,"href":"https:\/\/hosn.at\/de\/wp-json\/wp\/v2\/product_tag?post=2596"}],"curies":[{"name":"wp","href":"https:\/\/api.w.org\/{rel}","templated":true}]}}