{"id":7592,"date":"2021-01-11T19:38:33","date_gmt":"2021-01-11T17:38:33","guid":{"rendered":"https:\/\/hosn.at\/individuelle-fertigung\/"},"modified":"2024-04-21T15:34:45","modified_gmt":"2024-04-21T13:34:45","slug":"individuelle-fertigung","status":"publish","type":"page","link":"https:\/\/hosn.at\/de\/individuelle-fertigung\/","title":{"rendered":"Individuelle Fertigung \u2013\u00a0die Schritte zur perfekten Passform"},"content":{"rendered":"<div class=\"wpb-content-wrapper\"><p>[vc_row][vc_column][vc_empty_space][vc_column_text]<\/p>\n<h1>Der Weg zur perfekten Passform<\/h1>\n<p>Inhalt: <a href=\"#kunde\">Bestandskunden<\/a> \u2022 <a href=\"#neukunden\">Neukunden<\/a> \u2022 <a href=\"#weiter\">N\u00e4chste Schritte<\/a>[\/vc_column_text][vc_empty_space height=&#8220;20px&#8220;][vc_column_text]Vielen Dank f\u00fcr Ihre Entscheidung, mit Anz\u00fcgen von Hosn eine neue Dimension des Komforts zu entdecken.<\/p>\n<h4>Unsere Anz\u00fcge und Hemdn werden individuell nach Ma\u00df gefertigt.<\/h4>\n<p>Ma\u00dfe zu nehmen und Ihnen bestm\u00f6glichen Service zu bieten ist in der neuen Normalit\u00e4t nicht immer einfach.<\/p>\n<p>Daher haben wir, angepasst an Ihre W\u00fcnsche und Erfahrungen mit ma\u00dfgefertigten Kleidungsst\u00fccken, folgende Alternativen entwickelt um zum perfekten Anzug bzw. den idealen Hemdn zu kommen.[\/vc_column_text][\/vc_column][\/vc_row][vc_section][vc_row][vc_column width=&#8220;1\/2&#8243;]<style type=\"text\/css\" data-type=\"the7_shortcodes-inline-css\">.shortcode-single-image-wrap.shortcode-single-image-2b063d48bbbc2ce8d748782a452fc141.enable-bg-rollover .rollover i,\n.shortcode-single-image-wrap.shortcode-single-image-2b063d48bbbc2ce8d748782a452fc141.enable-bg-rollover .rollover-video i {\n  background: -webkit-linear-gradient();\n  background: linear-gradient();\n}\n.shortcode-single-image-wrap.shortcode-single-image-2b063d48bbbc2ce8d748782a452fc141 .rollover-icon {\n  font-size: 32px;\n  color: #ffffff;\n  min-width: 44px;\n  min-height: 44px;\n  line-height: 44px;\n  border-radius: 100px;\n  border-style: solid;\n  border-width: 0px;\n}\n.dt-icon-bg-on.shortcode-single-image-wrap.shortcode-single-image-2b063d48bbbc2ce8d748782a452fc141 .rollover-icon {\n  background: rgba(255,255,255,0.3);\n  box-shadow: none;\n}\n<\/style>[\/vc_column][vc_column width=&#8220;1\/2&#8243;][vc_column_text]<a name=\"kunde\"><\/a><\/p>\n<h2>Sie sind bereits Kunde<\/h2>\n<p>[\/vc_column_text][vc_column_text]Falls Sie bereits einen Hosn Anzug besitzen, brauchen Sie nichts weiter zu tun als uns etwaige Anpassungen mitzuteilen.<\/p>\n<p>Am besten als Kommentar zu Ihrer <a href=\"https:\/\/hosn.at\/en\/product\/suit\/\">Bestellung<\/a>, oder via Mail.<\/p>\n<p>Wir k\u00fcmmern uns um den Rest, senden Ihren neuen Anzug und stellen gemeinsam sicher, dass alles perfekt sitzt.[\/vc_column_text][\/vc_column][\/vc_row][\/vc_section][vc_row][vc_column][vc_empty_space]<div class=\" ubtn-ctn-center \"><a class=\"ubtn-link ult-adjust-bottom-margin ubtn-center ubtn-block \" href=\"https:\/\/hosn.at\/en\/product\/suit\" ><button type=\"button\" id=\"ubtn-7022\"  class=\"ubtn ult-adjust-bottom-margin ult-responsive ubtn-block ubtn-top-bg  none  ubtn-center   tooltip-69da36b2b4c59 ubtn-block\"  data-hover=\"#ffffff\" data-border-color=\"\" data-bg=\"#db822f\" data-hover-bg=\"#2f80bb\" data-border-hover=\"\" data-shadow-hover=\"\" data-shadow-click=\"none\" data-shadow=\"\" data-shd-shadow=\"\"  data-ultimate-target='#ubtn-7022'  data-responsive-json-new='{\"font-size\":\"desktop:24px;\",\"line-height\":\"\"}'  style=\"font-family:&#039;Exo 2&#039;;font-weight:500;border:none;background: #db822f;color: #ffffff;\"><span class=\"ubtn-hover\" style=\"background-color:#2f80bb\"><\/span><span class=\"ubtn-data ubtn-text \" >Zum Anzug<\/span><\/button><\/a><\/div>[vc_empty_space][\/vc_column][\/vc_row][vc_row][vc_column width=&#8220;1\/2&#8243;]<style type=\"text\/css\" data-type=\"the7_shortcodes-inline-css\">.shortcode-single-image-wrap.shortcode-single-image-40fbc967a77f78c2ae0218497234f551.enable-bg-rollover .rollover i,\n.shortcode-single-image-wrap.shortcode-single-image-40fbc967a77f78c2ae0218497234f551.enable-bg-rollover .rollover-video i {\n  background: -webkit-linear-gradient();\n  background: linear-gradient();\n}\n.shortcode-single-image-wrap.shortcode-single-image-40fbc967a77f78c2ae0218497234f551 .rollover-icon {\n  font-size: 32px;\n  color: #ffffff;\n  min-width: 44px;\n  min-height: 44px;\n  line-height: 44px;\n  border-radius: 100px;\n  border-style: solid;\n  border-width: 0px;\n}\n.dt-icon-bg-on.shortcode-single-image-wrap.shortcode-single-image-40fbc967a77f78c2ae0218497234f551 .rollover-icon {\n  background: rgba(255,255,255,0.3);\n  box-shadow: none;\n}\n<\/style>[\/vc_column][vc_column width=&#8220;1\/2&#8243;][vc_column_text]<a name=\"neukunden\"><\/a><\/p>\n<h2>Sie sind Neukunde<\/h2>\n<p>[\/vc_column_text][vc_column_text]<\/p>\n<h3>Wie l\u00e4uft das ab?<\/h3>\n<p>Falls Sie in Wien sind, k\u00fcmmern wir uns gerne direkt um alles:<\/p>\n<ol>\n<li>Sie sagen uns Ihre Referenzgr\u00f6\u00dfen (s.u.) und Wunschtermine.<\/li>\n<li>Ein Agent trifft Sie bei unserem Schneider, bringt die Probegr\u00f6\u00dfen und nimmt Ma\u00dfe und Fotos.<\/li>\n<li>Sie kommen zur Anprobe zu unserem Schneider um Anpassungen zu besprechen.<\/li>\n<li>Und wir liefern den fertigen Anzug zu Ihnen.<\/li>\n<\/ol>\n<p>&nbsp;<\/p>\n<p>Falls Sie au\u00dferhalb von Wien sind, oder aufgrund der aktuellen Umst\u00e4nde Kontakt mit anderen Agenten vermeiden m\u00f6chten:<\/p>\n<ol>\n<li>Sie sagen uns Ihre Referenzgr\u00f6\u00dfen (s.u.).<\/li>\n<li>Wir senden Ihnen die Probegr\u00f6\u00dfen zu.<\/li>\n<li>Sie nehmen Ma\u00dfe und Fotos, am besten bei Ihrem Schneider.<\/li>\n<li>Sie senden uns die Probegr\u00f6\u00dfen zur\u00fcck.<\/li>\n<li>Wir liefern den fertigen Anzug zu Ihnen.<\/li>\n<li>Sie nehmen die notwendigen Anpassungen mit Ihrem Schneider vor, die Kosten f\u00fcr die Erstanpassung tragen wir.<\/li>\n<li>Sie \u00fcbermitteln uns die \u00c4nderungen, damit wir beim n\u00e4chsten Mal auf Anhieb die perfekte Passform liefern k\u00f6nnen.<\/li>\n<\/ol>\n<p>&nbsp;<\/p>\n<h3>Was hei\u00dft das im Detail?<\/h3>\n<p>Die bestm\u00f6gliche Passform wird von vielen Details beeinflusst.<\/p>\n<p>Wir vergleichen dazu <strong>Referenzgr\u00f6\u00dfen<\/strong><em> (z.B. Gr\u00f6\u00dfe 52 passt \u00fcblicherweise von der Stange)<\/em> und <strong>Schlupfgr\u00f6\u00dfen<\/strong> <em>(Muster unserer Hosn-Anz\u00fcge zur Anprobe)<\/em>, sowie <strong>Fotos<\/strong> und genaue<strong> Ma\u00dfe.<\/strong><\/p>\n<p>Trotz penibler Analyse ist es normal, dass Ma\u00dfkleidung bei der ersten Anprobe noch nicht ideal sitzt. Die notwendigen \u00c4nderungen erlauben uns, das individuelle Ideal zu entdecken und f\u00fcr zuk\u00fcnftige Bestellungen parat zu haben.[\/vc_column_text][\/vc_column][\/vc_row][vc_row][vc_column width=&#8220;1\/2&#8243;]<style type=\"text\/css\" data-type=\"the7_shortcodes-inline-css\">.shortcode-single-image-wrap.shortcode-single-image-121f68835f286e64a61aa47cf10fe5bf.enable-bg-rollover .rollover i,\n.shortcode-single-image-wrap.shortcode-single-image-121f68835f286e64a61aa47cf10fe5bf.enable-bg-rollover .rollover-video i {\n  background: -webkit-linear-gradient();\n  background: linear-gradient();\n}\n.shortcode-single-image-wrap.shortcode-single-image-121f68835f286e64a61aa47cf10fe5bf .rollover-icon {\n  font-size: 32px;\n  color: #ffffff;\n  min-width: 44px;\n  min-height: 44px;\n  line-height: 44px;\n  border-radius: 100px;\n  border-style: solid;\n  border-width: 0px;\n}\n.dt-icon-bg-on.shortcode-single-image-wrap.shortcode-single-image-121f68835f286e64a61aa47cf10fe5bf .rollover-icon {\n  background: rgba(255,255,255,0.3);\n  box-shadow: none;\n}\n<\/style>[\/vc_column][vc_column width=&#8220;1\/2&#8243;][vc_column_text]<\/p>\n<h3>1. Welche Gr\u00f6\u00dfe tragen Sie normalerweise?<\/h3>\n<p>Welche regul\u00e4re Anzugsgr\u00f6\u00dfe, Hemdengr\u00f6\u00dfe bzw. Jeans-Gr\u00f6\u00dfe passt Ihnen am besten?<\/p>\n<p>Diese Referenzgr\u00f6\u00dfen, gemeinsam mit Ihrem <strong>Gewicht<\/strong> und Ihrer <strong>Gr\u00f6\u00dfe<\/strong>, senden Sie uns am besten per <strong>Mail<\/strong> oder direkt zu <a href=\"https:\/\/hosn.at\/en\/product\/suit\/\">Ihrer Bestellung<\/a>.<\/p>\n<p>&nbsp;<\/p>\n<h3>2. Welche unserer Standardgr\u00f6\u00dfen passt Ihnen am Besten?<\/h3>\n<p>Probieren Sie unsere Muster an. Das gibt Ihnen ein Gef\u00fchl f\u00fcr den Anzug und erlaubt uns genauer auf Ihre Vorstellungen einzugehen.<\/p>\n<p><em>Beispielsweise soll der \u00c4rmel um 2 cm l\u00e4nger werden, die Schulter um je 1 cm schm\u00e4ler.<\/em><\/p>\n<p>Zur Anprobe verwenden wir sogenannte Schlupfgr\u00f6\u00dfen, d.h. Probemuster in g\u00e4ngigen Gr\u00f6\u00dfen. Unsere Schneider orientieren sich dann an jener Gr\u00f6\u00dfe, die am besten passt.<\/p>\n<p>Zur Anprobe k\u00f6nnen Sie einen <strong>Probetermin in Wien<\/strong> vereinbaren, oder wir <strong>senden die Muster zu<\/strong> Ihnen, und Sie senden diese im Anschluss wieder an uns retour.[\/vc_column_text][\/vc_column][\/vc_row][vc_row][vc_column width=&#8220;1\/2&#8243;]<style type=\"text\/css\" data-type=\"the7_shortcodes-inline-css\">.shortcode-single-image-wrap.shortcode-single-image-e0bddc68db97cb8eb6d538dedaaee653.enable-bg-rollover .rollover i,\n.shortcode-single-image-wrap.shortcode-single-image-e0bddc68db97cb8eb6d538dedaaee653.enable-bg-rollover .rollover-video i {\n  background: -webkit-linear-gradient();\n  background: linear-gradient();\n}\n.shortcode-single-image-wrap.shortcode-single-image-e0bddc68db97cb8eb6d538dedaaee653 .rollover-icon {\n  font-size: 32px;\n  color: #ffffff;\n  min-width: 44px;\n  min-height: 44px;\n  line-height: 44px;\n  border-radius: 100px;\n  border-style: solid;\n  border-width: 0px;\n}\n.dt-icon-bg-on.shortcode-single-image-wrap.shortcode-single-image-e0bddc68db97cb8eb6d538dedaaee653 .rollover-icon {\n  background: rgba(255,255,255,0.3);\n  box-shadow: none;\n}\n<\/style>[\/vc_column][vc_column width=&#8220;1\/2&#8243;][vc_column_text]<\/p>\n<h3>3. Bilder, f\u00fcr die Liebe zum Detail<\/h3>\n<p>Fotos helfen uns die Passform noch genauer zu analysieren. Dazu nutzen wir folgende Bilder:<\/p>\n<ul>\n<li>Mit Jackett, von <strong>vorne<\/strong>, Arme seitlich h\u00e4ngend.<\/li>\n<li>Mit Jackett, von <strong>hinten<\/strong>, Arme seitlich h\u00e4ngend.<\/li>\n<li>Mit Jackett, von einer <strong>Seite<\/strong>, Arme seitlich h\u00e4ngend.<\/li>\n<li>Mit Hemd in der Hose, von vorne, Arme seitlich h\u00e4ngend.<\/li>\n<li>Mit Hemd in der Hose, von hinten, Arme seitlich h\u00e4ngend.<\/li>\n<li>Mit Hemd in der Hose, von einer Seite, <strong>Arme verschr\u00e4nkt<\/strong>.<\/li>\n<li>Mit Hemd<strong> aus<\/strong> der Hose, von der anderen Seite, Arme seitlich h\u00e4ngend.<\/li>\n<\/ul>\n<h3>4. Exakte Ma\u00dfe<\/h3>\n<p>F\u00fcr die bestm\u00f6gliche Passform sind akkurate Ma\u00dfe unentbehrlich.<\/p>\n<p>Im Idealfall nimmt der Schneider, der auch die Anpassungen vornimmt, Ihre Ma\u00dfe und koordiniert alles weitere direkt mit uns.<\/p>\n<h4>Ma\u00dfe bereits vorhanden<\/h4>\n<p>Kennen Sie Ihre Ma\u00dfe? Falls Sie bereits eine schriftliche Aufzeichnung Ihrer K\u00f6rperma\u00dfe haben, k\u00f6nnen Sie uns diese gerne \u00fcbermitteln.<\/p>\n<p>Am besten verwenden Sie dazu <a href=\"https:\/\/forms.gle\/geYrJNJJdH3DrptX7\">dieses Formular<\/a>.<\/p>\n<h4>Ma\u00dfe noch unbekannt<\/h4>\n<p>Haben Sie einen Schneider vor Ort? Wer auch immer Ihnen hilft, Ma\u00df zu nehmen, kann sich <a href=\"https:\/\/forms.gle\/geYrJNJJdH3DrptX7\">dieses Formulars<\/a> bedienen.<\/p>\n<p>Haben Sie noch keinen Schneider vor Ort? Wir helfen gerne dabei, einen lokalen Schneider zu finden.<\/p>\n<p>\u00c4nderungsschneidereien in \u00d6sterreich finden sich auch im <a href=\"https:\/\/firmen.wko.at\/-\/?branche=24277&amp;branchenname=\u00c4nderungsschneiderei\">Branchenverzeichnis der WKO<\/a>.<\/p>\n<p>Haben Sie sonst jemanden, um Ihre Ma\u00dfe zu nehmen? Dann nutzen Sie unsere <a href=\"https:\/\/forms.gle\/geYrJNJJdH3DrptX7\">ausf\u00fchrliche Anleitung<\/a> (derzeit nur auf Englisch).[\/vc_column_text][\/vc_column][\/vc_row][vc_section][vc_row][vc_column][vc_empty_space]<div class=\" ubtn-ctn-center \"><a class=\"ubtn-link ult-adjust-bottom-margin ubtn-center ubtn-block \" href=\"https:\/\/forms.gle\/geYrJNJJdH3DrptX7\" target=\"_blank\" rel=\"noopener\" ><button type=\"button\" id=\"ubtn-5989\"  class=\"ubtn ult-adjust-bottom-margin ult-responsive ubtn-block ubtn-top-bg  none  ubtn-center   tooltip-69da36b2b5b16 ubtn-block\"  data-hover=\"#ffffff\" data-border-color=\"\" data-bg=\"#db822f\" data-hover-bg=\"#2f80bb\" data-border-hover=\"\" data-shadow-hover=\"\" data-shadow-click=\"none\" data-shadow=\"\" data-shd-shadow=\"\"  data-ultimate-target='#ubtn-5989'  data-responsive-json-new='{\"font-size\":\"desktop:24px;\",\"line-height\":\"\"}'  style=\"font-family:&#039;Exo 2&#039;;font-weight:500;border:none;background: #db822f;color: #ffffff;\"><span class=\"ubtn-hover\" style=\"background-color:#2f80bb\"><\/span><span class=\"ubtn-data ubtn-text \" >Zur Ma\u00dfanleitung<\/span><\/button><\/a><\/div>[vc_empty_space][\/vc_column][\/vc_row][\/vc_section][vc_section][vc_row][vc_column width=&#8220;1\/2&#8243;]<style type=\"text\/css\" data-type=\"the7_shortcodes-inline-css\">.shortcode-single-image-wrap.shortcode-single-image-298065fb3767e8db62eb4de4ddc6d703.enable-bg-rollover .rollover i,\n.shortcode-single-image-wrap.shortcode-single-image-298065fb3767e8db62eb4de4ddc6d703.enable-bg-rollover .rollover-video i {\n  background: -webkit-linear-gradient();\n  background: linear-gradient();\n}\n.shortcode-single-image-wrap.shortcode-single-image-298065fb3767e8db62eb4de4ddc6d703 .rollover-icon {\n  font-size: 32px;\n  color: #ffffff;\n  min-width: 44px;\n  min-height: 44px;\n  line-height: 44px;\n  border-radius: 100px;\n  border-style: solid;\n  border-width: 0px;\n}\n.dt-icon-bg-on.shortcode-single-image-wrap.shortcode-single-image-298065fb3767e8db62eb4de4ddc6d703 .rollover-icon {\n  background: rgba(255,255,255,0.3);\n  box-shadow: none;\n}\n<\/style>[\/vc_column][vc_column width=&#8220;1\/2&#8243;][vc_column_text]<a name=\"weiter\"><\/a><\/p>\n<h2>Wie geht es weiter?<\/h2>\n<p>[\/vc_column_text][vc_column_text]Sobald wir Ihre Unterlagen erhalten haben kontrollieren wir alle Daten auf Plausibilit\u00e4t und beginnen mit der individuellen Fertigung.<\/p>\n<p>Diese nimmt im Regelfall <strong>10 Werktage<\/strong> in Anspruch.<\/p>\n<p>Anschlie\u00dfend senden wir Ihre neuen Kleidungsst\u00fccke zu Ihnen, bzw. zu Ihrem Schneider. In Wien vereinbaren wir auch gerne einen pers\u00f6nlichen Termin zur <strong>Anprobe<\/strong>. Dabei werden die gew\u00fcnschten Anpassungen besprochen.<\/p>\n<p>Die Kosten f\u00fcr die erste <strong>Anpassung<\/strong> \u00fcbernehmen wir \u2013 auch wenn diese von Ihrem Schneider vor Ort durchgef\u00fchrt werden. Wie eingangs erw\u00e4hnt sind bei der ersten Ma\u00dffertigung meist Korrekturen notwendig. Dies ist Teil des exklusiven Prozesses und stellt f\u00fcr uns eine Investition dar: In das Wissen um Ihre perfekte Passform f\u00fcr zuk\u00fcnftige Bestellungen.<\/p>\n<p>Sobald die Anpassungen abgeschlossen sind, bleibt uns nur noch <strong>viel Spa\u00df und Komfort<\/strong> zu w\u00fcnschen mit den neuen, einzigartigen Agentenkleidern.<\/p>\n<p>Wir freuen uns nat\u00fcrlich jederzeit \u00fcber Feedback, um auch weiterhin die <strong>besten Anz\u00fcge der Welt<\/strong> fertigen zu k\u00f6nnen.[\/vc_column_text][\/vc_column][\/vc_row][\/vc_section][vc_row][vc_column][vc_empty_space]<div class=\" ubtn-ctn-center \"><a class=\"ubtn-link ult-adjust-bottom-margin ubtn-center ubtn-block \" href=\"https:\/\/hosn.at\/en\/product\/suit\/\" title=\"Bespoke Hosn\" ><button type=\"button\" id=\"ubtn-1528\"  class=\"ubtn ult-adjust-bottom-margin ult-responsive ubtn-block ubtn-top-bg  none  ubtn-center   tooltip-69da36b2b5d1c ubtn-block\"  data-hover=\"#ffffff\" data-border-color=\"\" data-bg=\"#db822f\" data-hover-bg=\"#2f80bb\" data-border-hover=\"\" data-shadow-hover=\"\" data-shadow-click=\"none\" data-shadow=\"\" data-shd-shadow=\"\"  data-ultimate-target='#ubtn-1528'  data-responsive-json-new='{\"font-size\":\"desktop:24px;\",\"line-height\":\"\"}'  style=\"font-family:&#039;Exo 2&#039;;font-weight:500;border:none;background: #db822f;color: #ffffff;\"><span class=\"ubtn-hover\" style=\"background-color:#2f80bb\"><\/span><span class=\"ubtn-data ubtn-text \" >Zum Anzug<\/span><\/button><\/a><\/div>[vc_empty_space][\/vc_column][\/vc_row]<\/p>\n<\/div>","protected":false},"excerpt":{"rendered":"<p>[vc_row][vc_column][vc_empty_space][vc_column_text] Der Weg zur perfekten Passform Inhalt: Bestandskunden \u2022 Neukunden \u2022 N\u00e4chste Schritte[\/vc_column_text][vc_empty_space height=&#8220;20px&#8220;][vc_column_text]Vielen Dank f\u00fcr Ihre Entscheidung, mit Anz\u00fcgen von Hosn eine neue Dimension des Komforts zu entdecken. Unsere Anz\u00fcge und Hemdn werden individuell nach Ma\u00df gefertigt. Ma\u00dfe zu nehmen und Ihnen bestm\u00f6glichen Service zu bieten ist in der neuen Normalit\u00e4t nicht immer einfach.&hellip;<\/p>\n","protected":false},"author":2,"featured_media":0,"parent":0,"menu_order":0,"comment_status":"closed","ping_status":"closed","template":"","meta":{"footnotes":""},"class_list":["post-7592","page","type-page","status-publish","hentry","description-off"],"yoast_head":"<!-- This site is optimized with the Yoast SEO plugin v27.1.1 - https:\/\/yoast.com\/product\/yoast-seo-wordpress\/ -->\n<title>Ihr gem\u00fctlichster Ma\u00dfanzug aller Zeiten \u2013 Hosn Agent Suits<\/title>\n<meta name=\"description\" content=\"Einen Schritt vorw\u00e4rts kann man nie wieder zur\u00fcck gehen: Ultra-komfortable Anz\u00fcge und Hemdn nach Ma\u00df, individuell gefertigt f\u00fcr maximale Leistung.\" \/>\n<meta name=\"robots\" content=\"index, follow, max-snippet:-1, max-image-preview:large, max-video-preview:-1\" \/>\n<link rel=\"canonical\" href=\"https:\/\/hosn.at\/de\/individuelle-fertigung\/\" \/>\n<meta property=\"og:locale\" content=\"de_DE\" \/>\n<meta property=\"og:type\" content=\"article\" \/>\n<meta property=\"og:title\" content=\"Ihr gem\u00fctlichster Ma\u00dfanzug aller Zeiten \u2013 Hosn Agent Suits\" \/>\n<meta property=\"og:description\" content=\"Einen Schritt vorw\u00e4rts kann man nie wieder zur\u00fcck gehen: Ultra-komfortable Anz\u00fcge und Hemdn nach Ma\u00df, individuell gefertigt f\u00fcr maximale Leistung.\" \/>\n<meta property=\"og:url\" content=\"https:\/\/hosn.at\/de\/individuelle-fertigung\/\" \/>\n<meta property=\"og:site_name\" content=\"Hosn\" \/>\n<meta property=\"article:modified_time\" content=\"2024-04-21T13:34:45+00:00\" \/>\n<meta name=\"twitter:card\" content=\"summary_large_image\" \/>\n<meta name=\"twitter:label1\" content=\"Gesch\u00e4tzte Lesezeit\" \/>\n\t<meta name=\"twitter:data1\" content=\"7\u00a0Minuten\" \/>\n<script type=\"application\/ld+json\" class=\"yoast-schema-graph\">{\"@context\":\"https:\/\/schema.org\",\"@graph\":[{\"@type\":\"WebPage\",\"@id\":\"https:\/\/hosn.at\/de\/individuelle-fertigung\/\",\"url\":\"https:\/\/hosn.at\/de\/individuelle-fertigung\/\",\"name\":\"Ihr gem\u00fctlichster Ma\u00dfanzug aller Zeiten \u2013 Hosn Agent Suits\",\"isPartOf\":{\"@id\":\"https:\/\/hosn.at\/en\/#website\"},\"datePublished\":\"2021-01-11T17:38:33+00:00\",\"dateModified\":\"2024-04-21T13:34:45+00:00\",\"description\":\"Einen Schritt vorw\u00e4rts kann man nie wieder zur\u00fcck gehen: Ultra-komfortable Anz\u00fcge und Hemdn nach Ma\u00df, individuell gefertigt f\u00fcr maximale Leistung.\",\"breadcrumb\":{\"@id\":\"https:\/\/hosn.at\/de\/individuelle-fertigung\/#breadcrumb\"},\"inLanguage\":\"de\",\"potentialAction\":[{\"@type\":\"ReadAction\",\"target\":[\"https:\/\/hosn.at\/de\/individuelle-fertigung\/\"]}]},{\"@type\":\"BreadcrumbList\",\"@id\":\"https:\/\/hosn.at\/de\/individuelle-fertigung\/#breadcrumb\",\"itemListElement\":[{\"@type\":\"ListItem\",\"position\":1,\"name\":\"Home\",\"item\":\"https:\/\/hosn.at\/de\/\"},{\"@type\":\"ListItem\",\"position\":2,\"name\":\"Individuelle Fertigung \u2013\u00a0die Schritte zur perfekten Passform\"}]},{\"@type\":\"WebSite\",\"@id\":\"https:\/\/hosn.at\/en\/#website\",\"url\":\"https:\/\/hosn.at\/en\/\",\"name\":\"Hosn\",\"description\":\"Unite opposites with Hosn \u2013 The Universal Trousers for Business and Sports.\",\"publisher\":{\"@id\":\"https:\/\/hosn.at\/en\/#organization\"},\"potentialAction\":[{\"@type\":\"SearchAction\",\"target\":{\"@type\":\"EntryPoint\",\"urlTemplate\":\"https:\/\/hosn.at\/en\/?s={search_term_string}\"},\"query-input\":{\"@type\":\"PropertyValueSpecification\",\"valueRequired\":true,\"valueName\":\"search_term_string\"}}],\"inLanguage\":\"de\"},{\"@type\":\"Organization\",\"@id\":\"https:\/\/hosn.at\/en\/#organization\",\"name\":\"Hosn\",\"url\":\"https:\/\/hosn.at\/en\/\",\"logo\":{\"@type\":\"ImageObject\",\"inLanguage\":\"de\",\"@id\":\"https:\/\/hosn.at\/en\/#\/schema\/logo\/image\/\",\"url\":\"https:\/\/hosn.at\/wp-content\/uploads\/2021\/02\/hosn-bk-400.webp\",\"contentUrl\":\"https:\/\/hosn.at\/wp-content\/uploads\/2021\/02\/hosn-bk-400.webp\",\"width\":400,\"height\":72,\"caption\":\"Hosn\"},\"image\":{\"@id\":\"https:\/\/hosn.at\/en\/#\/schema\/logo\/image\/\"}}]}<\/script>\n<!-- \/ Yoast SEO plugin. -->","yoast_head_json":{"title":"Ihr gem\u00fctlichster Ma\u00dfanzug aller Zeiten \u2013 Hosn Agent Suits","description":"Einen Schritt vorw\u00e4rts kann man nie wieder zur\u00fcck gehen: Ultra-komfortable Anz\u00fcge und Hemdn nach Ma\u00df, individuell gefertigt f\u00fcr maximale Leistung.","robots":{"index":"index","follow":"follow","max-snippet":"max-snippet:-1","max-image-preview":"max-image-preview:large","max-video-preview":"max-video-preview:-1"},"canonical":"https:\/\/hosn.at\/de\/individuelle-fertigung\/","og_locale":"de_DE","og_type":"article","og_title":"Ihr gem\u00fctlichster Ma\u00dfanzug aller Zeiten \u2013 Hosn Agent Suits","og_description":"Einen Schritt vorw\u00e4rts kann man nie wieder zur\u00fcck gehen: Ultra-komfortable Anz\u00fcge und Hemdn nach Ma\u00df, individuell gefertigt f\u00fcr maximale Leistung.","og_url":"https:\/\/hosn.at\/de\/individuelle-fertigung\/","og_site_name":"Hosn","article_modified_time":"2024-04-21T13:34:45+00:00","twitter_card":"summary_large_image","twitter_misc":{"Gesch\u00e4tzte Lesezeit":"7\u00a0Minuten"},"schema":{"@context":"https:\/\/schema.org","@graph":[{"@type":"WebPage","@id":"https:\/\/hosn.at\/de\/individuelle-fertigung\/","url":"https:\/\/hosn.at\/de\/individuelle-fertigung\/","name":"Ihr gem\u00fctlichster Ma\u00dfanzug aller Zeiten \u2013 Hosn Agent Suits","isPartOf":{"@id":"https:\/\/hosn.at\/en\/#website"},"datePublished":"2021-01-11T17:38:33+00:00","dateModified":"2024-04-21T13:34:45+00:00","description":"Einen Schritt vorw\u00e4rts kann man nie wieder zur\u00fcck gehen: Ultra-komfortable Anz\u00fcge und Hemdn nach Ma\u00df, individuell gefertigt f\u00fcr maximale Leistung.","breadcrumb":{"@id":"https:\/\/hosn.at\/de\/individuelle-fertigung\/#breadcrumb"},"inLanguage":"de","potentialAction":[{"@type":"ReadAction","target":["https:\/\/hosn.at\/de\/individuelle-fertigung\/"]}]},{"@type":"BreadcrumbList","@id":"https:\/\/hosn.at\/de\/individuelle-fertigung\/#breadcrumb","itemListElement":[{"@type":"ListItem","position":1,"name":"Home","item":"https:\/\/hosn.at\/de\/"},{"@type":"ListItem","position":2,"name":"Individuelle Fertigung \u2013\u00a0die Schritte zur perfekten Passform"}]},{"@type":"WebSite","@id":"https:\/\/hosn.at\/en\/#website","url":"https:\/\/hosn.at\/en\/","name":"Hosn","description":"Unite opposites with Hosn \u2013 The Universal Trousers for Business and Sports.","publisher":{"@id":"https:\/\/hosn.at\/en\/#organization"},"potentialAction":[{"@type":"SearchAction","target":{"@type":"EntryPoint","urlTemplate":"https:\/\/hosn.at\/en\/?s={search_term_string}"},"query-input":{"@type":"PropertyValueSpecification","valueRequired":true,"valueName":"search_term_string"}}],"inLanguage":"de"},{"@type":"Organization","@id":"https:\/\/hosn.at\/en\/#organization","name":"Hosn","url":"https:\/\/hosn.at\/en\/","logo":{"@type":"ImageObject","inLanguage":"de","@id":"https:\/\/hosn.at\/en\/#\/schema\/logo\/image\/","url":"https:\/\/hosn.at\/wp-content\/uploads\/2021\/02\/hosn-bk-400.webp","contentUrl":"https:\/\/hosn.at\/wp-content\/uploads\/2021\/02\/hosn-bk-400.webp","width":400,"height":72,"caption":"Hosn"},"image":{"@id":"https:\/\/hosn.at\/en\/#\/schema\/logo\/image\/"}}]}},"_links":{"self":[{"href":"https:\/\/hosn.at\/de\/wp-json\/wp\/v2\/pages\/7592","targetHints":{"allow":["GET"]}}],"collection":[{"href":"https:\/\/hosn.at\/de\/wp-json\/wp\/v2\/pages"}],"about":[{"href":"https:\/\/hosn.at\/de\/wp-json\/wp\/v2\/types\/page"}],"author":[{"embeddable":true,"href":"https:\/\/hosn.at\/de\/wp-json\/wp\/v2\/users\/2"}],"replies":[{"embeddable":true,"href":"https:\/\/hosn.at\/de\/wp-json\/wp\/v2\/comments?post=7592"}],"version-history":[{"count":2,"href":"https:\/\/hosn.at\/de\/wp-json\/wp\/v2\/pages\/7592\/revisions"}],"predecessor-version":[{"id":8616,"href":"https:\/\/hosn.at\/de\/wp-json\/wp\/v2\/pages\/7592\/revisions\/8616"}],"wp:attachment":[{"href":"https:\/\/hosn.at\/de\/wp-json\/wp\/v2\/media?parent=7592"}],"curies":[{"name":"wp","href":"https:\/\/api.w.org\/{rel}","templated":true}]}}