{"id":7130,"date":"2020-10-28T14:23:06","date_gmt":"2020-10-28T12:23:06","guid":{"rendered":"https:\/\/hosn.at\/?page_id=7130"},"modified":"2024-04-21T15:28:34","modified_gmt":"2024-04-21T13:28:34","slug":"signup-cargo","status":"publish","type":"page","link":"https:\/\/hosn.at\/de\/signup-cargo\/","title":{"rendered":"Jetzt Hosntr\u00e4ger werden \u2013 Sign-Up f\u00fcr Cargo Hosn"},"content":{"rendered":"<div class=\"wpb-content-wrapper\"><p>[vc_section full_width=&#8220;stretch_row_content&#8220; css=&#8220;.vc_custom_1603894737079{padding-top: 0px !important;background-image: url(https:\/\/hosn.at\/wp-content\/uploads\/2020\/10\/Cargo-18.38.37.jpg?id=7142) !important;background-position: center !important;background-repeat: no-repeat !important;background-size: cover !important;}&#8220;][vc_row][vc_column width=&#8220;1\/3&#8243; css=&#8220;.vc_custom_1561844092468{background-color: rgba(26,28,32,0.8) !important;*background-color: rgb(26,28,32) !important;border-radius: 5px !important;}&#8220; offset=&#8220;vc_hidden-sm vc_hidden-xs&#8220;][vc_column_text]<\/p>\n<h1><span style=\"color: #cccccc;\">Hosn?<br \/>\nF\u00fcr Abenteuer?<br \/>\n<\/span><\/h1>\n<p><span style=\"color: #cccccc;\">Erfahren Sie als Erstes von den gem\u00fctlichsten, b\u00fcgelfreien und schmutzabweisenden Zombie-Apokalypse-Survival-Hosn.<\/span><\/p>\n<p><!-- Begin Mailchimp Signup Form --><\/p>\n<div id=\"mc_embed_signup\">\n<form id=\"mc-embedded-subscribe-form\" class=\"validate\" action=\"https:\/\/hosn.us18.list-manage.com\/subscribe\/post?u=85112e60d33634f948d971823&amp;id=7995003e06\" method=\"post\" name=\"mc-embedded-subscribe-form\" novalidate=\"\" target=\"_blank\">\n<div id=\"mc_embed_signup_scroll\">\n<div class=\"mc-field-group\"><input id=\"mce-EMAIL\" class=\"required email\" name=\"EMAIL\" type=\"email\" value=\"\" \/><\/div>\n<div id=\"mce-responses\" class=\"clear\">\n<div id=\"mce-error-response\" class=\"response\" style=\"display: none;\"><\/div>\n<div id=\"mce-success-response\" class=\"response\" style=\"display: none;\"><\/div>\n<\/div>\n<p><!-- real people should not fill this in and expect good things - do not remove this or risk form bot signups--><\/p>\n<div style=\"position: absolute; left: -5000px;\" aria-hidden=\"true\"><input tabindex=\"-1\" name=\"b_85112e60d33634f948d971823_7995003e06\" type=\"text\" value=\"\" \/><\/div>\n<div class=\"clear\"><input id=\"mc-embedded-subscribe\" class=\"button\" name=\"subscribe\" type=\"submit\" value=\"Anmelden\" \/><\/div>\n<\/div>\n<\/form>\n<\/div>\n<h5><span style=\"color: #cccccc;\">Hosn <a style=\"color: #cccccc;\" href=\"https:\/\/www.instagram.com\/agentsuits\/\">@agentsuits<\/a><\/span><\/h5>\n<p>[\/vc_column_text][\/vc_column][vc_column width=&#8220;1\/3&#8243; offset=&#8220;vc_hidden-sm vc_hidden-xs&#8220;][\/vc_column][vc_column width=&#8220;1\/3&#8243; offset=&#8220;vc_hidden-sm vc_hidden-xs&#8220;][\/vc_column][\/vc_row][vc_row][vc_column offset=&#8220;vc_hidden-sm vc_hidden-xs&#8220;][vc_empty_space height=&#8220;360px&#8220;][\/vc_column][\/vc_row][\/vc_section][vc_section full_width=&#8220;stretch_row_content&#8220; css=&#8220;.vc_custom_1603894980655{padding-top: 0px !important;background-image: url(https:\/\/hosn.at\/wp-content\/uploads\/2020\/10\/Cargo-1752_1080.jpg?id=7157) !important;background-position: center !important;background-repeat: no-repeat !important;background-size: cover !important;}&#8220;][vc_row][vc_column offset=&#8220;vc_hidden-lg vc_hidden-md&#8220;][vc_empty_space height=&#8220;40px&#8220;][vc_row_inner css=&#8220;.vc_custom_1562268942594{margin-bottom: 10px !important;}&#8220;][vc_column_inner css=&#8220;.vc_custom_1561844137861{background-color: rgba(26,28,32,0.66) !important;*background-color: rgb(26,28,32) !important;border-radius: 5px !important;}&#8220; offset=&#8220;vc_hidden-lg vc_hidden-md&#8220;][vc_column_text]<\/p>\n<h1><span style=\"color: #cccccc;\">Hosn?<br \/>\nF\u00fcr Abenteuer?<br \/>\n<\/span><\/h1>\n<p><span style=\"color: #cccccc;\">Erfahren Sie als Erstes von den gem\u00fctlichsten, b\u00fcgelfreien und schmutzabweisenden Zombie-Apokalypse-Survival-Hosn.<\/span><\/p>\n<p><!-- Begin Mailchimp Signup Form --><\/p>\n<div id=\"mc_embed_signup\">\n<form id=\"mc-embedded-subscribe-form\" class=\"validate\" action=\"https:\/\/hosn.us18.list-manage.com\/subscribe\/post?u=85112e60d33634f948d971823&amp;id=7995003e06\" method=\"post\" name=\"mc-embedded-subscribe-form\" novalidate=\"\" target=\"_blank\">\n<div id=\"mc_embed_signup_scroll\">\n<div class=\"mc-field-group\"><input id=\"mce-EMAIL\" class=\"required email\" name=\"EMAIL\" type=\"email\" value=\"\" \/><\/div>\n<div id=\"mce-responses\" class=\"clear\">\n<div id=\"mce-error-response\" class=\"response\" style=\"display: none;\"><\/div>\n<div id=\"mce-success-response\" class=\"response\" style=\"display: none;\"><\/div>\n<\/div>\n<p><!-- real people should not fill this in and expect good things - do not remove this or risk form bot signups--><\/p>\n<div style=\"position: absolute; left: -5000px;\" aria-hidden=\"true\"><input tabindex=\"-1\" name=\"b_85112e60d33634f948d971823_7995003e06\" type=\"text\" value=\"\" \/><\/div>\n<div class=\"clear\"><input id=\"mc-embedded-subscribe\" class=\"button\" name=\"subscribe\" type=\"submit\" value=\"Anmelden\" \/><\/div>\n<\/div>\n<\/form>\n<\/div>\n<p>[\/vc_column_text][\/vc_column_inner][\/vc_row_inner][vc_empty_space height=&#8220;200px&#8220;][\/vc_column][\/vc_row][\/vc_section]<\/p>\n<\/div>","protected":false},"excerpt":{"rendered":"<p>[vc_section full_width=&#8220;stretch_row_content&#8220; css=&#8220;.vc_custom_1603894737079{padding-top: 0px !important;background-image: url(https:\/\/hosn.at\/wp-content\/uploads\/2020\/10\/Cargo-18.38.37.jpg?id=7142) !important;background-position: center !important;background-repeat: no-repeat !important;background-size: cover !important;}&#8220;][vc_row][vc_column width=&#8220;1\/3&#8243; css=&#8220;.vc_custom_1561844092468{background-color: rgba(26,28,32,0.8) !important;*background-color: rgb(26,28,32) !important;border-radius: 5px !important;}&#8220; offset=&#8220;vc_hidden-sm vc_hidden-xs&#8220;][vc_column_text] Hosn? F\u00fcr Abenteuer? Erfahren Sie als Erstes von den gem\u00fctlichsten, b\u00fcgelfreien und schmutzabweisenden Zombie-Apokalypse-Survival-Hosn. Hosn @agentsuits [\/vc_column_text][\/vc_column][vc_column width=&#8220;1\/3&#8243; offset=&#8220;vc_hidden-sm vc_hidden-xs&#8220;][\/vc_column][vc_column width=&#8220;1\/3&#8243; offset=&#8220;vc_hidden-sm vc_hidden-xs&#8220;][\/vc_column][\/vc_row][vc_row][vc_column offset=&#8220;vc_hidden-sm vc_hidden-xs&#8220;][vc_empty_space height=&#8220;360px&#8220;][\/vc_column][\/vc_row][\/vc_section][vc_section full_width=&#8220;stretch_row_content&#8220; css=&#8220;.vc_custom_1603894980655{padding-top: 0px !important;background-image: url(https:\/\/hosn.at\/wp-content\/uploads\/2020\/10\/Cargo-1752_1080.jpg?id=7157) !important;background-position:&hellip;<\/p>\n","protected":false},"author":2,"featured_media":0,"parent":0,"menu_order":0,"comment_status":"closed","ping_status":"closed","template":"template-microsite.php","meta":{"footnotes":""},"class_list":["post-7130","page","type-page","status-publish","hentry","description-off"],"yoast_head":"<!-- This site is optimized with the Yoast SEO plugin v27.1.1 - https:\/\/yoast.com\/product\/yoast-seo-wordpress\/ -->\n<title>Jetzt Hosntr\u00e4ger werden \u2013 Sign-Up f\u00fcr Cargo Hosn - Hosn<\/title>\n<meta name=\"robots\" content=\"index, follow, max-snippet:-1, max-image-preview:large, max-video-preview:-1\" \/>\n<link rel=\"canonical\" href=\"https:\/\/hosn.at\/de\/signup-cargo\/\" \/>\n<meta property=\"og:locale\" content=\"de_DE\" \/>\n<meta property=\"og:type\" content=\"article\" \/>\n<meta property=\"og:title\" content=\"Jetzt Hosntr\u00e4ger werden \u2013 Sign-Up f\u00fcr Cargo Hosn - Hosn\" \/>\n<meta property=\"og:description\" content=\"[vc_section full_width=&#8220;stretch_row_content&#8220; css=&#8220;.vc_custom_1603894737079{padding-top: 0px !important;background-image: url(https:\/\/hosn.at\/wp-content\/uploads\/2020\/10\/Cargo-18.38.37.jpg?id=7142) !important;background-position: center !important;background-repeat: no-repeat !important;background-size: cover !important;}&#8220;][vc_row][vc_column width=&#8220;1\/3&#8243; css=&#8220;.vc_custom_1561844092468{background-color: rgba(26,28,32,0.8) !important;*background-color: rgb(26,28,32) !important;border-radius: 5px !important;}&#8220; offset=&#8220;vc_hidden-sm vc_hidden-xs&#8220;][vc_column_text] Hosn? F\u00fcr Abenteuer? Erfahren Sie als Erstes von den gem\u00fctlichsten, b\u00fcgelfreien und schmutzabweisenden Zombie-Apokalypse-Survival-Hosn. Hosn @agentsuits [\/vc_column_text][\/vc_column][vc_column width=&#8220;1\/3&#8243; offset=&#8220;vc_hidden-sm vc_hidden-xs&#8220;][\/vc_column][vc_column width=&#8220;1\/3&#8243; offset=&#8220;vc_hidden-sm vc_hidden-xs&#8220;][\/vc_column][\/vc_row][vc_row][vc_column offset=&#8220;vc_hidden-sm vc_hidden-xs&#8220;][vc_empty_space height=&#8220;360px&#8220;][\/vc_column][\/vc_row][\/vc_section][vc_section full_width=&#8220;stretch_row_content&#8220; css=&#8220;.vc_custom_1603894980655{padding-top: 0px !important;background-image: url(https:\/\/hosn.at\/wp-content\/uploads\/2020\/10\/Cargo-1752_1080.jpg?id=7157) !important;background-position:&hellip;\" \/>\n<meta property=\"og:url\" content=\"https:\/\/hosn.at\/de\/signup-cargo\/\" \/>\n<meta property=\"og:site_name\" content=\"Hosn\" \/>\n<meta property=\"article:modified_time\" content=\"2024-04-21T13:28:34+00:00\" \/>\n<meta name=\"twitter:card\" content=\"summary_large_image\" \/>\n<meta name=\"twitter:label1\" content=\"Gesch\u00e4tzte Lesezeit\" \/>\n\t<meta name=\"twitter:data1\" content=\"1\u00a0Minute\" \/>\n<script type=\"application\/ld+json\" class=\"yoast-schema-graph\">{\"@context\":\"https:\/\/schema.org\",\"@graph\":[{\"@type\":\"WebPage\",\"@id\":\"https:\/\/hosn.at\/de\/signup-cargo\/\",\"url\":\"https:\/\/hosn.at\/de\/signup-cargo\/\",\"name\":\"Jetzt Hosntr\u00e4ger werden \u2013 Sign-Up f\u00fcr Cargo Hosn - Hosn\",\"isPartOf\":{\"@id\":\"https:\/\/hosn.at\/en\/#website\"},\"datePublished\":\"2020-10-28T12:23:06+00:00\",\"dateModified\":\"2024-04-21T13:28:34+00:00\",\"breadcrumb\":{\"@id\":\"https:\/\/hosn.at\/de\/signup-cargo\/#breadcrumb\"},\"inLanguage\":\"de\",\"potentialAction\":[{\"@type\":\"ReadAction\",\"target\":[\"https:\/\/hosn.at\/de\/signup-cargo\/\"]}]},{\"@type\":\"BreadcrumbList\",\"@id\":\"https:\/\/hosn.at\/de\/signup-cargo\/#breadcrumb\",\"itemListElement\":[{\"@type\":\"ListItem\",\"position\":1,\"name\":\"Home\",\"item\":\"https:\/\/hosn.at\/de\/\"},{\"@type\":\"ListItem\",\"position\":2,\"name\":\"Jetzt Hosntr\u00e4ger werden \u2013 Sign-Up f\u00fcr Cargo Hosn\"}]},{\"@type\":\"WebSite\",\"@id\":\"https:\/\/hosn.at\/en\/#website\",\"url\":\"https:\/\/hosn.at\/en\/\",\"name\":\"Hosn\",\"description\":\"Unite opposites with Hosn \u2013 The Universal Trousers for Business and Sports.\",\"publisher\":{\"@id\":\"https:\/\/hosn.at\/en\/#organization\"},\"potentialAction\":[{\"@type\":\"SearchAction\",\"target\":{\"@type\":\"EntryPoint\",\"urlTemplate\":\"https:\/\/hosn.at\/en\/?s={search_term_string}\"},\"query-input\":{\"@type\":\"PropertyValueSpecification\",\"valueRequired\":true,\"valueName\":\"search_term_string\"}}],\"inLanguage\":\"de\"},{\"@type\":\"Organization\",\"@id\":\"https:\/\/hosn.at\/en\/#organization\",\"name\":\"Hosn\",\"url\":\"https:\/\/hosn.at\/en\/\",\"logo\":{\"@type\":\"ImageObject\",\"inLanguage\":\"de\",\"@id\":\"https:\/\/hosn.at\/en\/#\/schema\/logo\/image\/\",\"url\":\"https:\/\/hosn.at\/wp-content\/uploads\/2021\/02\/hosn-bk-400.webp\",\"contentUrl\":\"https:\/\/hosn.at\/wp-content\/uploads\/2021\/02\/hosn-bk-400.webp\",\"width\":400,\"height\":72,\"caption\":\"Hosn\"},\"image\":{\"@id\":\"https:\/\/hosn.at\/en\/#\/schema\/logo\/image\/\"}}]}<\/script>\n<!-- \/ Yoast SEO plugin. -->","yoast_head_json":{"title":"Jetzt Hosntr\u00e4ger werden \u2013 Sign-Up f\u00fcr Cargo Hosn - Hosn","robots":{"index":"index","follow":"follow","max-snippet":"max-snippet:-1","max-image-preview":"max-image-preview:large","max-video-preview":"max-video-preview:-1"},"canonical":"https:\/\/hosn.at\/de\/signup-cargo\/","og_locale":"de_DE","og_type":"article","og_title":"Jetzt Hosntr\u00e4ger werden \u2013 Sign-Up f\u00fcr Cargo Hosn - Hosn","og_description":"[vc_section full_width=&#8220;stretch_row_content&#8220; css=&#8220;.vc_custom_1603894737079{padding-top: 0px !important;background-image: url(https:\/\/hosn.at\/wp-content\/uploads\/2020\/10\/Cargo-18.38.37.jpg?id=7142) !important;background-position: center !important;background-repeat: no-repeat !important;background-size: cover !important;}&#8220;][vc_row][vc_column width=&#8220;1\/3&#8243; css=&#8220;.vc_custom_1561844092468{background-color: rgba(26,28,32,0.8) !important;*background-color: rgb(26,28,32) !important;border-radius: 5px !important;}&#8220; offset=&#8220;vc_hidden-sm vc_hidden-xs&#8220;][vc_column_text] Hosn? F\u00fcr Abenteuer? Erfahren Sie als Erstes von den gem\u00fctlichsten, b\u00fcgelfreien und schmutzabweisenden Zombie-Apokalypse-Survival-Hosn. Hosn @agentsuits [\/vc_column_text][\/vc_column][vc_column width=&#8220;1\/3&#8243; offset=&#8220;vc_hidden-sm vc_hidden-xs&#8220;][\/vc_column][vc_column width=&#8220;1\/3&#8243; offset=&#8220;vc_hidden-sm vc_hidden-xs&#8220;][\/vc_column][\/vc_row][vc_row][vc_column offset=&#8220;vc_hidden-sm vc_hidden-xs&#8220;][vc_empty_space height=&#8220;360px&#8220;][\/vc_column][\/vc_row][\/vc_section][vc_section full_width=&#8220;stretch_row_content&#8220; css=&#8220;.vc_custom_1603894980655{padding-top: 0px !important;background-image: url(https:\/\/hosn.at\/wp-content\/uploads\/2020\/10\/Cargo-1752_1080.jpg?id=7157) !important;background-position:&hellip;","og_url":"https:\/\/hosn.at\/de\/signup-cargo\/","og_site_name":"Hosn","article_modified_time":"2024-04-21T13:28:34+00:00","twitter_card":"summary_large_image","twitter_misc":{"Gesch\u00e4tzte Lesezeit":"1\u00a0Minute"},"schema":{"@context":"https:\/\/schema.org","@graph":[{"@type":"WebPage","@id":"https:\/\/hosn.at\/de\/signup-cargo\/","url":"https:\/\/hosn.at\/de\/signup-cargo\/","name":"Jetzt Hosntr\u00e4ger werden \u2013 Sign-Up f\u00fcr Cargo Hosn - Hosn","isPartOf":{"@id":"https:\/\/hosn.at\/en\/#website"},"datePublished":"2020-10-28T12:23:06+00:00","dateModified":"2024-04-21T13:28:34+00:00","breadcrumb":{"@id":"https:\/\/hosn.at\/de\/signup-cargo\/#breadcrumb"},"inLanguage":"de","potentialAction":[{"@type":"ReadAction","target":["https:\/\/hosn.at\/de\/signup-cargo\/"]}]},{"@type":"BreadcrumbList","@id":"https:\/\/hosn.at\/de\/signup-cargo\/#breadcrumb","itemListElement":[{"@type":"ListItem","position":1,"name":"Home","item":"https:\/\/hosn.at\/de\/"},{"@type":"ListItem","position":2,"name":"Jetzt Hosntr\u00e4ger werden \u2013 Sign-Up f\u00fcr Cargo Hosn"}]},{"@type":"WebSite","@id":"https:\/\/hosn.at\/en\/#website","url":"https:\/\/hosn.at\/en\/","name":"Hosn","description":"Unite opposites with Hosn \u2013 The Universal Trousers for Business and Sports.","publisher":{"@id":"https:\/\/hosn.at\/en\/#organization"},"potentialAction":[{"@type":"SearchAction","target":{"@type":"EntryPoint","urlTemplate":"https:\/\/hosn.at\/en\/?s={search_term_string}"},"query-input":{"@type":"PropertyValueSpecification","valueRequired":true,"valueName":"search_term_string"}}],"inLanguage":"de"},{"@type":"Organization","@id":"https:\/\/hosn.at\/en\/#organization","name":"Hosn","url":"https:\/\/hosn.at\/en\/","logo":{"@type":"ImageObject","inLanguage":"de","@id":"https:\/\/hosn.at\/en\/#\/schema\/logo\/image\/","url":"https:\/\/hosn.at\/wp-content\/uploads\/2021\/02\/hosn-bk-400.webp","contentUrl":"https:\/\/hosn.at\/wp-content\/uploads\/2021\/02\/hosn-bk-400.webp","width":400,"height":72,"caption":"Hosn"},"image":{"@id":"https:\/\/hosn.at\/en\/#\/schema\/logo\/image\/"}}]}},"_links":{"self":[{"href":"https:\/\/hosn.at\/de\/wp-json\/wp\/v2\/pages\/7130","targetHints":{"allow":["GET"]}}],"collection":[{"href":"https:\/\/hosn.at\/de\/wp-json\/wp\/v2\/pages"}],"about":[{"href":"https:\/\/hosn.at\/de\/wp-json\/wp\/v2\/types\/page"}],"author":[{"embeddable":true,"href":"https:\/\/hosn.at\/de\/wp-json\/wp\/v2\/users\/2"}],"replies":[{"embeddable":true,"href":"https:\/\/hosn.at\/de\/wp-json\/wp\/v2\/comments?post=7130"}],"version-history":[{"count":10,"href":"https:\/\/hosn.at\/de\/wp-json\/wp\/v2\/pages\/7130\/revisions"}],"predecessor-version":[{"id":8610,"href":"https:\/\/hosn.at\/de\/wp-json\/wp\/v2\/pages\/7130\/revisions\/8610"}],"wp:attachment":[{"href":"https:\/\/hosn.at\/de\/wp-json\/wp\/v2\/media?parent=7130"}],"curies":[{"name":"wp","href":"https:\/\/api.w.org\/{rel}","templated":true}]}}