{"id":5336,"date":"2019-11-21T03:17:59","date_gmt":"2019-11-21T03:17:59","guid":{"rendered":"https:\/\/hosn.at\/?page_id=5336"},"modified":"2024-06-23T23:40:37","modified_gmt":"2024-06-23T21:40:37","slug":"datenschutz","status":"publish","type":"page","link":"https:\/\/hosn.at\/de\/datenschutz\/","title":{"rendered":"Datenschutzerkl\u00e4rung"},"content":{"rendered":"<p>&nbsp;<\/p>\n<h1 style=\"text-align: left;\">Datenschutz<\/h1>\n<p>&nbsp;<\/p>\n<h3>Gesch\u00e4ftsf\u00fchrer<\/h3>\n<p>Markus Weilguny<br \/>\nH\u00fctteldorfer Stra\u00dfe 212<br \/>\n1140 Wien<\/p>\n<h3>Datenschutzkoordinator<\/h3>\n<p>E-mail: hosn [at] hosn.at<\/p>\n<p>&nbsp;<\/p>\n<h2>Haftungsausschluss f\u00fcr die Website<\/h2>\n<h3>Inhalt des Online-Angebots<\/h3>\n<p>Die Inhalte dieser Webpr\u00e4senz wurden mit gr\u00f6\u00dfter Sorgfalt erstellt. F\u00fcr die Korrektheit, Vollst\u00e4ndigkeit und Aktualit\u00e4t der Inhalte \u00fcbernehmen wir jedoch keine Gew\u00e4hr. Dies gilt ebenso f\u00fcr alle anderen Websites, auf die mittels eines Hyperlinks verwiesen wird. Haftungsanspr\u00fcche gegen den Medieninhaber, welche sich auf Sch\u00e4den materieller oder ideeller Art beziehen, die durch die Nutzung oder Nichtnutzung der dargebotenen Informationen bzw. durch die Nutzung fehlerhafter und unvollst\u00e4ndiger Informationen verursacht wurden, sind grunds\u00e4tzlich ausgeschlossen, sofern seitens des Medieninhabers kein nachweislich vors\u00e4tzliches oder grob fahrl\u00e4ssiges Verschulden vorliegt. Der Medieninhaber beh\u00e4lt es sich ausdr\u00fccklich vor, ohne Ank\u00fcndigung \u00c4nderungen oder Erg\u00e4nzungen der bereitgestellten Informationen oder Angebote vorzunehmen.<\/p>\n<h3>Verweise und Links<\/h3>\n<p>Die Seiten beinhalten Links zu anderen Seiten auf Web-Servern. F\u00fcr alle diese Links erkl\u00e4ren die verantwortlichen Editoren f\u00fcr die Webseite www.fightingforfilm.com ausdr\u00fccklich, dass sie keinerlei Einfluss auf die Gestaltung und die Inhalte der gelinkten Seiten haben. Diese Erkl\u00e4rung gilt f\u00fcr alle innerhalb des eigenen Internetangebots gesetzten Links und Verweise sowie f\u00fcr Fremdeintr\u00e4ge in den vom Medieninhaber eingerichteten Diskussionsforen. F\u00fcr illegale, fehlerhafte oder unvollst\u00e4ndige Inhalte und insbesondere f\u00fcr Sch\u00e4den, die aus der Nutzung oder Nichtnutzung solcherart dargebotener Informationen entstehen, haftet allein der Anbieter der Seite, auf welche verwiesen wurde, nicht derjenige, der \u00fcber Links auf die jeweilige Ver\u00f6ffentlichung lediglich verweist.<\/p>\n<h3>Urheberrecht und Kennzeichenrecht<\/h3>\n<p>Die durch die Seitenbetreiber erstellten Inhalte und Werke auf diesen Seiten unterliegen dem Urheberrecht. Die Vervielf\u00e4ltigung, Bearbeitung, Verbreitung und jede Art der Verwertung au\u00dferhalb der Grenzen des Urheberrechtes bed\u00fcrfen der schriftlichen Zustimmung des jeweiligen Autors bzw. Erstellers. Das Copyright f\u00fcr ver\u00f6ffentlichte, vom Medieninhaber selbst erstellte Objekte, bleibt allein beim Autor der Seiten. Eine Vervielf\u00e4ltigung oder Verwendung solcher Grafiken, Tondokumente, Videosequenzen und Texte in anderen elektronischen oder gedruckten Publikationen ist ohne ausdr\u00fcckliche Zustimmung des Medieninhabers nicht gestattet.<\/p>\n<p>Alle innerhalb des Internetangebotes genannten und ggf. durch Dritte gesch\u00fctzten Marken- und Warenzeichen unterliegen uneingeschr\u00e4nkt den Bestimmungen des jeweils g\u00fcltigen Kennzeichenrechts und den Besitzrechten der jeweiligen eingetragenen Eigent\u00fcmer.<\/p>\n<p>&nbsp;<\/p>\n<h2>Datenschutzerkl\u00e4rung<\/h2>\n<h3>Arten der verarbeiteten Daten<\/h3>\n<p>\u2013 Bestandsdaten (z.B. Namen, Adressen)<br \/>\n\u2013 Kontaktdaten (z.B. E-Mail, Telefonnummern)<br \/>\n\u2013 Inhaltsdaten (z.B. Texteingaben, Fotografien, Videos)<br \/>\n\u2013 Nutzungsdaten (z.B. besuchte Webseiten, Interesse an Inhalten, Zugriffszeiten)<br \/>\n\u2013 Meta-\/Kommunikationsdaten (z.B. Ger\u00e4te-Informationen, IP-Adressen)<\/p>\n<h3>Kategorien betroffener Personen<\/h3>\n<p>\u2013 Kunden \/ Interessenten \/ Gesch\u00e4ftspartner<br \/>\n\u2013 Besucher und Nutzer des Onlineangebotes<br \/>\n(Nachfolgend bezeichnen wir die betroffenen Personen zusammenfassend auch als \u201eNutzer\u201c.)<\/p>\n<h3>Zweck der Verarbeitung<\/h3>\n<p>Erbringung vertraglicher Leistungen, Service und Kundenpflege.<\/p>\n<p>\u2013 Zurverf\u00fcgungstellung des Onlineangebotes, seiner Funktionen und Inhalte.<br \/>\n\u2013 Erbringung vertraglicher Leistungen, Service und Kundenpflege.<br \/>\n\u2013 Beantwortung von Kontaktanfragen und Kommunikation mit Nutzern.<br \/>\n\u2013 Sicherheitsma\u00dfnahmen.<br \/>\n\u2013 Marketing, Werbung und Marktforschung.<\/p>\n<p>&nbsp;<\/p>\n<h3>Kontakt mit uns<\/h3>\n<p>Wenn Sie per Formular auf der Website oder per E-Mail Kontakt mit uns aufnehmen, werden Ihre angegebenen Daten zwecks Bearbeitung der Anfrage und f\u00fcr den Fall von Anschlussfragen sechs Monate bei uns gespeichert. Diese Daten geben wir nicht ohne Ihre Einwilligung weiter.<\/p>\n<p>&nbsp;<\/p>\n<h3>Datenspeicherung<\/h3>\n<p>Wir weisen darauf hin, dass zum Zweck des einfacheren Einkaufsvorganges und zur sp\u00e4teren Vertragsabwicklung vom Webshop-Betreiber im Rahmen von Cookies die IP-Daten des Anschlussinhabers gespeichert werden, ebenso wie Name, Anschrift des K\u00e4ufers. Dar\u00fcber hinaus werden zum Zweck der Vertragsabwicklung folgende Daten auch bei uns gespeichert:<\/p>\n<p>Die von Ihnen bereit gestellten Daten sind zur Vertragserf\u00fcllung bzw. zur Durchf\u00fchrung vorvertraglicher Ma\u00dfnahmen erforderlich. Ohne diese Daten k\u00f6nnen wir den Vertrag mit Ihnen nicht abschlie\u00dfen. Eine Daten\u00fcbermittlung an Dritte erfolgt nicht, mit Ausnahme der \u00dcbermittlung der Kreditkartendaten an den Zahlungsdienstleister (Stripe) zum Zwecke der Abbuchung des Einkaufspreises, an das von uns beauftragte Transportunternehmen\/Versandunternehmen zur Zustellung der Ware, ebenso an unseren Steuerberater zur Erf\u00fcllung unserer steuerrechtlichen Verpflichtungen.<\/p>\n<p>&nbsp;<\/p>\n<h3>Cookies<\/h3>\n<p>Unsere Website verwendet so genannte Cookies. Dabei handelt es sich um kleine Textdateien, die mit Hilfe des Browsers auf Ihrem Endger\u00e4t abgelegt werden. Sie richten keinen Schaden an.<br \/>\nWir nutzen Cookies dazu, unser Angebot nutzerfreundlich zu gestalten. Einige Cookies bleiben auf Ihrem Endger\u00e4t gespeichert, bis Sie diese l\u00f6schen. Sie erm\u00f6glichen es uns, Ihren Browser beim n\u00e4chsten Besuch wiederzuerkennen.<br \/>\nWenn Sie dies nicht w\u00fcnschen, so k\u00f6nnen Sie Ihren Browser so einrichten, dass er Sie \u00fcber das Setzen von Cookies informiert und Sie dies nur im Einzelfall erlauben.<br \/>\nBei der Deaktivierung von Cookies kann die Funktionalit\u00e4t unserer Website eingeschr\u00e4nkt sein.<\/p>\n<p>&nbsp;<\/p>\n<h3>Web-Analyse<\/h3>\n<p>Unsere Website verwendet Funktionen des Webanalysedienstes Google Analytics, einen Webanalysedienst der Google Inc. (\u201eGoogle\u201c) ein. Google verwendet Cookies. Die durch das Cookie erzeugten Informationen \u00fcber die Benutzung des Onlineangebotes durch die Nutzer werden in der Regel an einen Server von Google in den USA \u00fcbertragen und dort gespeichert.<br \/>\nSie k\u00f6nnen dies verhindern, indem Sie Ihren Browser so einrichten, dass keine Cookies gespeichert werden. Wir haben mit dem Anbieter einen entsprechenden Vertrag zur Auftragsdatenverarbeitung abgeschlossen.<\/p>\n<p>Wir setzen Google Analytics nur mit aktivierter IP-Anonymisierung ein. Das bedeutet, die IP-Adresse der Nutzer wird von Google innerhalb von Mitgliedstaaten der Europ\u00e4ischen Union oder in anderen Vertragsstaaten des Abkommens \u00fcber den Europ\u00e4ischen Wirtschaftsraum gek\u00fcrzt. Nur in Ausnahmef\u00e4llen wird die volle IP-Adresse an einen Server von Google in den USA \u00fcbertragen und dort gek\u00fcrzt. Die von dem Browser des Nutzers \u00fcbermittelte IP-Adresse wird nicht mit anderen Daten von Google zusammengef\u00fchrt.<\/p>\n<p>Die Nutzer k\u00f6nnen die Speicherung der Cookies durch eine entsprechende Einstellung ihrer Browser-Software verhindern; die Nutzer k\u00f6nnen dar\u00fcber hinaus die Erfassung der durch das Cookie erzeugten und auf ihre Nutzung des Onlineangebotes bezogenen Daten an Google sowie die Verarbeitung dieser Daten durch Google verhindern, indem sie das unter dem folgenden Link verf\u00fcgbare Browser-Plugin herunterladen und installieren: http:\/\/tools.google.com\/dlpage\/gaoptout?hl=de.<\/p>\n<p>Weitere Informationen zur Datennutzung zu Werbezwecken durch Google, Einstellungs- und Widerspruchsm\u00f6glichkeiten erfahren Sie auf den Webseiten von Google: https:\/\/www.google.com\/intl\/de\/policies\/privacy\/partners\/ (\u201eDatennutzung durch Google bei Ihrer Nutzung von Websites oder Apps unserer Partner\u201c), http:\/\/www.google.com\/policies\/technologies\/ads (\u201eDatennutzung zu Werbezwecken\u201c), http:\/\/www.google.de\/settings\/ads (\u201eInformationen verwalten, die Google verwendet, um Ihnen Werbung einzublenden\u201c) und http:\/\/www.google.com\/ads\/preferences\/ (\u201eBestimmen Sie, welche Werbung Google Ihnen zeigt\u201c).<br \/>\nDie Datenverarbeitung erfolgt auf Basis der gesetzlichen Bestimmungen des \u00a7 96 Abs 3 TKG sowie des Art 6 Abs 1 lit a (Einwilligung) und\/oder f (berechtigtes Interesse) der DSGVO.<\/p>\n<p>Unser Anliegen im Sinne der DSGVO (berechtigtes Interesse) ist die Verbesserung unseres Angebotes und unseres Webauftritts. Da uns die Privatsph\u00e4re unserer Nutzer wichtig ist, werden die Nutzerdaten pseudonymisiert<\/p>\n<p>Die Nutzerdaten werden f\u00fcr die Dauer von 26 Monaten aufbewahrt.<\/p>\n<p>&nbsp;<\/p>\n<h3>Newsletter<\/h3>\n<p>Sie haben die M\u00f6glichkeit, \u00fcber unsere Website unseren Newsletter zu abonnieren. Hierf\u00fcr ben\u00f6tigen wir Ihre E-Mail-Adresse und ihre Erkl\u00e4rung, dass Sie mit dem Bezug des Newsletters<br \/>\nSobald Sie sich f\u00fcr den Newsletter angemeldet haben, senden wir Ihnen ein Best\u00e4tigungs-E-Mail mit einem Link zur Best\u00e4tigung der Anmeldung.<br \/>\nDas Abo des Newsletters k\u00f6nnen Sie jederzeit stornieren.<br \/>\nUnter dieser Adresse k\u00f6nnen Sie sich vom Newsletter austragen. Des Weiteren finden Sie in jeder Newsletter E-Mail einen Link zur Abbestellung des Newsletters.<br \/>\nWir l\u00f6schen anschlie\u00dfend umgehend Ihre Daten im Zusammenhang mit dem Newsletter-Versand.<\/p>\n<p>&nbsp;<\/p>\n<h3>Einsatz des Versanddienstleisters \u201eMailChimp\u201c<\/h3>\n<p>Der Versand der Newsletter erfolgt mittels \u201eMailChimp\u201c, einer Newsletterversandplattform des US-Anbieters Rocket Science Group, LLC, 675 Ponce De Leon Ave NE #5000, Atlanta, GA 30308, USA.<br \/>\nDie E-Mail-Adressen unserer Newsletterempf\u00e4nger, als auch deren weitere, im Rahmen dieser Hinweise beschriebenen Daten, werden auf den Servern von MailChimp in den USA gespeichert. MailChimp verwendet diese Informationen zum Versand und zur Auswertung der Newsletter in unserem Auftrag. Des Weiteren kann MailChimp nach eigenen Informationen diese Daten zur Optimierung oder Verbesserung der eigenen Services nutzen, z.B. zur technischen Optimierung des Versandes und der Darstellung der Newsletter oder f\u00fcr wirtschaftliche Zwecke, um zu bestimmen aus welchen L\u00e4ndern die Empf\u00e4nger kommen. MailChimp nutzt die Daten unserer Newsletterempf\u00e4nger jedoch nicht, um diese selbst anzuschreiben oder an Dritte weiterzugeben.<\/p>\n<p>Wir vertrauen auf die Zuverl\u00e4ssigkeit und die IT- sowie Datensicherheit von MailChimp. MailChimp ist unter dem US-EU-Datenschutzabkommen \u201ePrivacy Shield\u201c zertifiziert und verpflichtet sich damit die EU-Datenschutzvorgaben einzuhalten. Des Weiteren haben wir mit MailChimp ein \u201eData-Processing-Agreement\u201c abgeschlossen. Dabei handelt es sich um einen Vertrag, in dem sich MailChimp dazu verpflichtet, die Daten unserer Nutzer zu sch\u00fctzen, entsprechend dessen Datenschutzbestimmungen in unserem Auftrag zu verarbeiten und insbesondere nicht an Dritte weiter zu geben. Die Datenschutzbestimmungen von MailChimp k\u00f6nnen Sie hier einsehen.<\/p>\n<p>&nbsp;<\/p>\n<h3>Online-Aufruf und Datenmanagement<\/h3>\n<p>Es gibt F\u00e4lle (Bsp.: Abbestellung), in denen wir die Newsletterempf\u00e4nger auf die Webseiten von MailChimp leiten. Z.B. enthalten unsere Newsletter einen Link, mit dem die Newsletterempf\u00e4nger die Newsletter online abrufen k\u00f6nnen (z.B. bei Darstellungsproblemen im E-Mailprogramm). Ferner k\u00f6nnen Newsletterempf\u00e4nger ihre Daten, wie z.B. die E-Mailadresse nachtr\u00e4glich korrigieren. Ebenso ist die Datenschutzerkl\u00e4rung von MailChimp nur auf deren Seite abrufbar.<br \/>\nIn diesem Zusammenhang wiesen wir darauf hin, dass auf den Webseiten von MailChimp Cookies eingesetzt und damit personenbezogene Daten durch MailChimp, deren Partnern und eingesetzten Dienstleistern (z.B. Google Analytics) verarbeitet werden. Auf diese Datenerhebung haben wir keinen Einfluss. Weitere Informationen k\u00f6nnen Sie der Datenschutzerkl\u00e4rung http:\/\/mailchimp.com\/legal\/privacy\/ von MailChimp entnehmen. Wir weisen Sie zus\u00e4tzlich auf die Widerspruchsm\u00f6glichkeiten in die Datenerhebung zu Werbezwecken auf den Webseiten http:\/\/www.aboutads.info\/choices\/ und http:\/\/www.youronlinechoices.com\/ (f\u00fcr den Europ\u00e4ischen Raum) hin.<\/p>\n<p>Weitergehende Informationen zu diesem Abkommen finden Sie hier: http:\/\/www.export.gov\/safeharbor\/<\/p>\n<p>&nbsp;<\/p>\n<h3>Rechtsgrundlagen Datenschutzgrundverordnung<\/h3>\n<p>Entsprechend den Vorgaben der ab dem 25. Mai 2018 geltenden Datenschutzgrundverordnung (DSGVO) informieren wir Sie, dass die Einwilligungen in den Versand der E-Mailadressen auf Grundlage der Art. 6 Abs. 1 lit. a, 7 DSGVO sowie \u00a7 7 Abs. 2 Nr. 3, bzw. Abs. 3 UWG erfolgt. Der Einsatz des Versanddienstleisters MailChimp, Durchf\u00fchrung der statistischen Erhebungen und Analysen sowie Protokollierung des Anmeldeverfahrens, erfolgen auf Grundlage unserer berechtigten Interessen gem. Art. 6 Abs. 1 lit. f DSGVO. Unser Interesse richtet sich auf den Einsatz eines nutzerfreundlichen sowie sicheren Newslettersystems, das sowohl unseren gesch\u00e4ftlichen Interessen dient, als auch den Erwartungen der Nutzer entspricht.<\/p>\n<p>&nbsp;<\/p>\n<h3>Ihre Rechte<\/h3>\n<p>Wir weisen Sie ferner darauf hin, dass Sie der k\u00fcnftigen Verarbeitung Ihrer personenbezogenen Daten entsprechend den gesetzlichen Vorgaben gem\u00e4\u00df Art. 21 DSGVO jederzeit widersprechen k\u00f6nnen. Der Widerspruch kann insbesondere gegen die Verarbeitung f\u00fcr Zwecke der Direktwerbung erfolgen.<\/p>\n<p>Ihnen stehen grunds\u00e4tzlich die Rechte auf Auskunft, Berichtigung, L\u00f6schung, Einschr\u00e4nkung, Daten\u00fcbertragbarkeit, Widerruf und Widerspruch zu. Wenn Sie glauben, dass die Verarbeitung Ihrer Daten gegen das Datenschutzrecht verst\u00f6\u00dft oder Ihre datenschutzrechtlichen Anspr\u00fcche sonst in einer Weise verletzt worden sind, k\u00f6nnen Sie sich bei der Aufsichtsbeh\u00f6rde beschweren. In \u00d6sterreich ist dies die Datenschutzbeh\u00f6rde.<\/p>\n<p>&nbsp;<\/p>\n","protected":false},"excerpt":{"rendered":"<p>&nbsp; Datenschutz &nbsp; Gesch\u00e4ftsf\u00fchrer Markus Weilguny H\u00fctteldorfer Stra\u00dfe 212 1140 Wien Datenschutzkoordinator E-mail: hosn [at] hosn.at &nbsp; Haftungsausschluss f\u00fcr die Website Inhalt des Online-Angebots Die Inhalte dieser Webpr\u00e4senz wurden mit gr\u00f6\u00dfter Sorgfalt erstellt. F\u00fcr die Korrektheit, Vollst\u00e4ndigkeit und Aktualit\u00e4t der Inhalte \u00fcbernehmen wir jedoch keine Gew\u00e4hr. Dies gilt ebenso f\u00fcr alle anderen Websites, auf die&hellip;<\/p>\n","protected":false},"author":1,"featured_media":0,"parent":0,"menu_order":0,"comment_status":"closed","ping_status":"closed","template":"","meta":{"footnotes":""},"class_list":["post-5336","page","type-page","status-publish","hentry","description-off"],"yoast_head":"<!-- This site is optimized with the Yoast SEO plugin v27.1.1 - https:\/\/yoast.com\/product\/yoast-seo-wordpress\/ -->\n<title>Datenschutzerkl\u00e4rung - Hosn<\/title>\n<meta name=\"robots\" content=\"index, follow, max-snippet:-1, max-image-preview:large, max-video-preview:-1\" \/>\n<link rel=\"canonical\" href=\"https:\/\/hosn.at\/de\/datenschutz\/\" \/>\n<meta property=\"og:locale\" content=\"de_DE\" \/>\n<meta property=\"og:type\" content=\"article\" \/>\n<meta property=\"og:title\" content=\"Datenschutzerkl\u00e4rung - Hosn\" \/>\n<meta property=\"og:description\" content=\"&nbsp; Datenschutz &nbsp; Gesch\u00e4ftsf\u00fchrer Markus Weilguny H\u00fctteldorfer Stra\u00dfe 212 1140 Wien Datenschutzkoordinator E-mail: hosn [at] hosn.at &nbsp; Haftungsausschluss f\u00fcr die Website Inhalt des Online-Angebots Die Inhalte dieser Webpr\u00e4senz wurden mit gr\u00f6\u00dfter Sorgfalt erstellt. F\u00fcr die Korrektheit, Vollst\u00e4ndigkeit und Aktualit\u00e4t der Inhalte \u00fcbernehmen wir jedoch keine Gew\u00e4hr. Dies gilt ebenso f\u00fcr alle anderen Websites, auf die&hellip;\" \/>\n<meta property=\"og:url\" content=\"https:\/\/hosn.at\/de\/datenschutz\/\" \/>\n<meta property=\"og:site_name\" content=\"Hosn\" \/>\n<meta property=\"article:modified_time\" content=\"2024-06-23T21:40:37+00:00\" \/>\n<meta name=\"twitter:card\" content=\"summary_large_image\" \/>\n<meta name=\"twitter:label1\" content=\"Gesch\u00e4tzte Lesezeit\" \/>\n\t<meta name=\"twitter:data1\" content=\"10\u00a0Minuten\" \/>\n<script type=\"application\/ld+json\" class=\"yoast-schema-graph\">{\"@context\":\"https:\/\/schema.org\",\"@graph\":[{\"@type\":\"WebPage\",\"@id\":\"https:\/\/hosn.at\/de\/datenschutz\/\",\"url\":\"https:\/\/hosn.at\/de\/datenschutz\/\",\"name\":\"Datenschutzerkl\u00e4rung - Hosn\",\"isPartOf\":{\"@id\":\"https:\/\/hosn.at\/en\/#website\"},\"datePublished\":\"2019-11-21T03:17:59+00:00\",\"dateModified\":\"2024-06-23T21:40:37+00:00\",\"breadcrumb\":{\"@id\":\"https:\/\/hosn.at\/de\/datenschutz\/#breadcrumb\"},\"inLanguage\":\"de\",\"potentialAction\":[{\"@type\":\"ReadAction\",\"target\":[\"https:\/\/hosn.at\/de\/datenschutz\/\"]}]},{\"@type\":\"BreadcrumbList\",\"@id\":\"https:\/\/hosn.at\/de\/datenschutz\/#breadcrumb\",\"itemListElement\":[{\"@type\":\"ListItem\",\"position\":1,\"name\":\"Home\",\"item\":\"https:\/\/hosn.at\/de\/\"},{\"@type\":\"ListItem\",\"position\":2,\"name\":\"Datenschutzerkl\u00e4rung\"}]},{\"@type\":\"WebSite\",\"@id\":\"https:\/\/hosn.at\/en\/#website\",\"url\":\"https:\/\/hosn.at\/en\/\",\"name\":\"Hosn\",\"description\":\"Unite opposites with Hosn \u2013 The Universal Trousers for Business and Sports.\",\"publisher\":{\"@id\":\"https:\/\/hosn.at\/en\/#organization\"},\"potentialAction\":[{\"@type\":\"SearchAction\",\"target\":{\"@type\":\"EntryPoint\",\"urlTemplate\":\"https:\/\/hosn.at\/en\/?s={search_term_string}\"},\"query-input\":{\"@type\":\"PropertyValueSpecification\",\"valueRequired\":true,\"valueName\":\"search_term_string\"}}],\"inLanguage\":\"de\"},{\"@type\":\"Organization\",\"@id\":\"https:\/\/hosn.at\/en\/#organization\",\"name\":\"Hosn\",\"url\":\"https:\/\/hosn.at\/en\/\",\"logo\":{\"@type\":\"ImageObject\",\"inLanguage\":\"de\",\"@id\":\"https:\/\/hosn.at\/en\/#\/schema\/logo\/image\/\",\"url\":\"https:\/\/hosn.at\/wp-content\/uploads\/2021\/02\/hosn-bk-400.webp\",\"contentUrl\":\"https:\/\/hosn.at\/wp-content\/uploads\/2021\/02\/hosn-bk-400.webp\",\"width\":400,\"height\":72,\"caption\":\"Hosn\"},\"image\":{\"@id\":\"https:\/\/hosn.at\/en\/#\/schema\/logo\/image\/\"}}]}<\/script>\n<!-- \/ Yoast SEO plugin. -->","yoast_head_json":{"title":"Datenschutzerkl\u00e4rung - Hosn","robots":{"index":"index","follow":"follow","max-snippet":"max-snippet:-1","max-image-preview":"max-image-preview:large","max-video-preview":"max-video-preview:-1"},"canonical":"https:\/\/hosn.at\/de\/datenschutz\/","og_locale":"de_DE","og_type":"article","og_title":"Datenschutzerkl\u00e4rung - Hosn","og_description":"&nbsp; Datenschutz &nbsp; Gesch\u00e4ftsf\u00fchrer Markus Weilguny H\u00fctteldorfer Stra\u00dfe 212 1140 Wien Datenschutzkoordinator E-mail: hosn [at] hosn.at &nbsp; Haftungsausschluss f\u00fcr die Website Inhalt des Online-Angebots Die Inhalte dieser Webpr\u00e4senz wurden mit gr\u00f6\u00dfter Sorgfalt erstellt. F\u00fcr die Korrektheit, Vollst\u00e4ndigkeit und Aktualit\u00e4t der Inhalte \u00fcbernehmen wir jedoch keine Gew\u00e4hr. Dies gilt ebenso f\u00fcr alle anderen Websites, auf die&hellip;","og_url":"https:\/\/hosn.at\/de\/datenschutz\/","og_site_name":"Hosn","article_modified_time":"2024-06-23T21:40:37+00:00","twitter_card":"summary_large_image","twitter_misc":{"Gesch\u00e4tzte Lesezeit":"10\u00a0Minuten"},"schema":{"@context":"https:\/\/schema.org","@graph":[{"@type":"WebPage","@id":"https:\/\/hosn.at\/de\/datenschutz\/","url":"https:\/\/hosn.at\/de\/datenschutz\/","name":"Datenschutzerkl\u00e4rung - Hosn","isPartOf":{"@id":"https:\/\/hosn.at\/en\/#website"},"datePublished":"2019-11-21T03:17:59+00:00","dateModified":"2024-06-23T21:40:37+00:00","breadcrumb":{"@id":"https:\/\/hosn.at\/de\/datenschutz\/#breadcrumb"},"inLanguage":"de","potentialAction":[{"@type":"ReadAction","target":["https:\/\/hosn.at\/de\/datenschutz\/"]}]},{"@type":"BreadcrumbList","@id":"https:\/\/hosn.at\/de\/datenschutz\/#breadcrumb","itemListElement":[{"@type":"ListItem","position":1,"name":"Home","item":"https:\/\/hosn.at\/de\/"},{"@type":"ListItem","position":2,"name":"Datenschutzerkl\u00e4rung"}]},{"@type":"WebSite","@id":"https:\/\/hosn.at\/en\/#website","url":"https:\/\/hosn.at\/en\/","name":"Hosn","description":"Unite opposites with Hosn \u2013 The Universal Trousers for Business and Sports.","publisher":{"@id":"https:\/\/hosn.at\/en\/#organization"},"potentialAction":[{"@type":"SearchAction","target":{"@type":"EntryPoint","urlTemplate":"https:\/\/hosn.at\/en\/?s={search_term_string}"},"query-input":{"@type":"PropertyValueSpecification","valueRequired":true,"valueName":"search_term_string"}}],"inLanguage":"de"},{"@type":"Organization","@id":"https:\/\/hosn.at\/en\/#organization","name":"Hosn","url":"https:\/\/hosn.at\/en\/","logo":{"@type":"ImageObject","inLanguage":"de","@id":"https:\/\/hosn.at\/en\/#\/schema\/logo\/image\/","url":"https:\/\/hosn.at\/wp-content\/uploads\/2021\/02\/hosn-bk-400.webp","contentUrl":"https:\/\/hosn.at\/wp-content\/uploads\/2021\/02\/hosn-bk-400.webp","width":400,"height":72,"caption":"Hosn"},"image":{"@id":"https:\/\/hosn.at\/en\/#\/schema\/logo\/image\/"}}]}},"_links":{"self":[{"href":"https:\/\/hosn.at\/de\/wp-json\/wp\/v2\/pages\/5336","targetHints":{"allow":["GET"]}}],"collection":[{"href":"https:\/\/hosn.at\/de\/wp-json\/wp\/v2\/pages"}],"about":[{"href":"https:\/\/hosn.at\/de\/wp-json\/wp\/v2\/types\/page"}],"author":[{"embeddable":true,"href":"https:\/\/hosn.at\/de\/wp-json\/wp\/v2\/users\/1"}],"replies":[{"embeddable":true,"href":"https:\/\/hosn.at\/de\/wp-json\/wp\/v2\/comments?post=5336"}],"version-history":[{"count":7,"href":"https:\/\/hosn.at\/de\/wp-json\/wp\/v2\/pages\/5336\/revisions"}],"predecessor-version":[{"id":8668,"href":"https:\/\/hosn.at\/de\/wp-json\/wp\/v2\/pages\/5336\/revisions\/8668"}],"wp:attachment":[{"href":"https:\/\/hosn.at\/de\/wp-json\/wp\/v2\/media?parent=5336"}],"curies":[{"name":"wp","href":"https:\/\/api.w.org\/{rel}","templated":true}]}}